{"id":110,"date":"2015-06-16T16:33:06","date_gmt":"2015-06-16T16:33:06","guid":{"rendered":"http:\/\/www.dfilippis.gr\/?page_id=110"},"modified":"2024-03-30T10:27:47","modified_gmt":"2024-03-30T08:27:47","slug":"books","status":"publish","type":"page","link":"https:\/\/www.dfilippis.gr\/en\/books\/","title":{"rendered":"Books"},"content":{"rendered":"<p>https:\/\/www.dfilippis.gr\/2024\/03\/30\/%cf%84ribuna-abierta-de-estudios-hispano-helenos-%cf%84%cf%87-%ce%b5-n-v-1923\/<\/p>\n<blockquote class=\"wp-embedded-content\" data-secret=\"opyFNpz4sR\"><p><a href=\"https:\/\/www.dfilippis.gr\/2022\/05\/07\/tribuna-abierta-21-22\/\">\u03a4ribuna Abierta de Estudios Hispano-Helenos-21-22<\/a><\/p><\/blockquote>\n<p><iframe class=\"wp-embedded-content\" sandbox=\"allow-scripts\" security=\"restricted\" style=\"position: absolute; clip: rect(1px, 1px, 1px, 1px);\" title=\"&#8220;\u03a4ribuna Abierta de Estudios Hispano-Helenos-21-22&#8221; &#8212; DFilippis.gr\" src=\"https:\/\/www.dfilippis.gr\/2022\/05\/07\/tribuna-abierta-21-22\/embed\/#?secret=aQOaRxiaDY#?secret=opyFNpz4sR\" data-secret=\"opyFNpz4sR\" width=\"600\" height=\"338\" frameborder=\"0\" marginwidth=\"0\" marginheight=\"0\" scrolling=\"no\"><\/iframe><\/p>\n<blockquote class=\"wp-embedded-content\" data-secret=\"hWFuPfCPi4\"><p><a href=\"https:\/\/www.dfilippis.gr\/2020\/11\/09\/tribunaabierta\/\">TribunaAbierta<\/a><\/p><\/blockquote>\n<p><iframe class=\"wp-embedded-content\" sandbox=\"allow-scripts\" security=\"restricted\" style=\"position: absolute; clip: rect(1px, 1px, 1px, 1px);\" title=\"&#8220;TribunaAbierta&#8221; &#8212; DFilippis.gr\" src=\"https:\/\/www.dfilippis.gr\/2020\/11\/09\/tribunaabierta\/embed\/#?secret=Kym4LQzgEB#?secret=hWFuPfCPi4\" data-secret=\"hWFuPfCPi4\" width=\"600\" height=\"338\" frameborder=\"0\" marginwidth=\"0\" marginheight=\"0\" scrolling=\"no\"><\/iframe><\/p>\n<blockquote class=\"wp-embedded-content\" data-secret=\"wQlJUamKRh\"><p><a href=\"https:\/\/www.dfilippis.gr\/books\/1936-ellada-kai-espania\/\">1936 &#8211; \u0395\u03bb\u03bb\u03ac\u03b4\u03b1 \u03ba\u03b1\u03b9 \u0399\u03c3\u03c0\u03b1\u03bd\u03af\u03b1<\/a><\/p><\/blockquote>\n<p><iframe class=\"wp-embedded-content\" sandbox=\"allow-scripts\" security=\"restricted\" style=\"position: absolute; clip: rect(1px, 1px, 1px, 1px);\" title=\"&#8220;1936 &#8211; \u0395\u03bb\u03bb\u03ac\u03b4\u03b1 \u03ba\u03b1\u03b9 \u0399\u03c3\u03c0\u03b1\u03bd\u03af\u03b1&#8221; &#8212; DFilippis.gr\" src=\"https:\/\/www.dfilippis.gr\/books\/1936-ellada-kai-espania\/embed\/#?secret=vE7hSKjk4y#?secret=wQlJUamKRh\" data-secret=\"wQlJUamKRh\" width=\"600\" height=\"338\" frameborder=\"0\" marginwidth=\"0\" marginheight=\"0\" scrolling=\"no\"><\/iframe><\/p>\n<blockquote class=\"wp-embedded-content\" data-secret=\"xfTqI4d2yL\"><p><a href=\"https:\/\/www.dfilippis.gr\/books\/la-guerra-civil-espanola-en-grecia\/\">La Guerra Civil Espa\u00f1ola en Grecia<\/a><\/p><\/blockquote>\n<p><iframe class=\"wp-embedded-content\" sandbox=\"allow-scripts\" security=\"restricted\" style=\"position: absolute; clip: rect(1px, 1px, 1px, 1px);\" title=\"&#8220;La Guerra Civil Espa\u00f1ola en Grecia&#8221; &#8212; DFilippis.gr\" src=\"https:\/\/www.dfilippis.gr\/books\/la-guerra-civil-espanola-en-grecia\/embed\/#?secret=l0TR1kPyh5#?secret=xfTqI4d2yL\" data-secret=\"xfTqI4d2yL\" width=\"600\" height=\"338\" frameborder=\"0\" marginwidth=\"0\" marginheight=\"0\" scrolling=\"no\"><\/iframe><\/p>\n<blockquote class=\"wp-embedded-content\" data-secret=\"uCRfZsLhkN\"><p><a href=\"https:\/\/www.dfilippis.gr\/books\/recuperacion-documental-2\/\">Recuperaci\u00f3n Documental<\/a><\/p><\/blockquote>\n<p><iframe class=\"wp-embedded-content\" sandbox=\"allow-scripts\" security=\"restricted\" style=\"position: absolute; clip: rect(1px, 1px, 1px, 1px);\" title=\"&#8220;Recuperaci\u00f3n Documental&#8221; &#8212; DFilippis.gr\" src=\"https:\/\/www.dfilippis.gr\/books\/recuperacion-documental-2\/embed\/#?secret=eEMjuQDyEF#?secret=uCRfZsLhkN\" data-secret=\"uCRfZsLhkN\" width=\"600\" height=\"338\" frameborder=\"0\" marginwidth=\"0\" marginheight=\"0\" scrolling=\"no\"><\/iframe><\/p>\n<blockquote class=\"wp-embedded-content\" data-secret=\"7BJzNslOdm\"><p><a href=\"https:\/\/www.dfilippis.gr\/books\/recuperacion-documental\/\">Recuperaci\u00f3n Documental &#8211; ELECTRONIC PUBLICATION 2009<\/a><\/p><\/blockquote>\n<p><iframe class=\"wp-embedded-content\" sandbox=\"allow-scripts\" security=\"restricted\" style=\"position: absolute; clip: rect(1px, 1px, 1px, 1px);\" title=\"&#8220;Recuperaci\u00f3n Documental &#8211; ELECTRONIC PUBLICATION 2009&#8221; &#8212; DFilippis.gr\" src=\"https:\/\/www.dfilippis.gr\/books\/recuperacion-documental\/embed\/#?secret=KvFfRDHoD5#?secret=7BJzNslOdm\" data-secret=\"7BJzNslOdm\" width=\"600\" height=\"338\" frameborder=\"0\" marginwidth=\"0\" marginheight=\"0\" scrolling=\"no\"><\/iframe><\/p>\n<blockquote class=\"wp-embedded-content\" data-secret=\"1Kjipsdf0r\"><p><a href=\"https:\/\/www.dfilippis.gr\/correspondents-in-the-spanish-civil-war\/\">Correspondents in the Spanish Civil War<\/a><\/p><\/blockquote>\n<p><iframe class=\"wp-embedded-content\" sandbox=\"allow-scripts\" security=\"restricted\" style=\"position: absolute; clip: rect(1px, 1px, 1px, 1px);\" title=\"&#8220;Correspondents in the Spanish Civil War&#8221; &#8212; DFilippis.gr\" src=\"https:\/\/www.dfilippis.gr\/correspondents-in-the-spanish-civil-war\/embed\/#?secret=lq4PuvLKdr#?secret=1Kjipsdf0r\" data-secret=\"1Kjipsdf0r\" width=\"600\" height=\"338\" frameborder=\"0\" marginwidth=\"0\" marginheight=\"0\" scrolling=\"no\"><\/iframe><\/p>\n<blockquote class=\"wp-embedded-content\" data-secret=\"W0MlDAgZty\"><p><a href=\"https:\/\/www.dfilippis.gr\/books\/profasismos-ekfasismos-psevdofasismos\/\">\u03a0\u03c1\u03bf\u03c6\u03b1\u03c3\u03b9\u03c3\u03bc\u03cc\u03c2, \u0395\u03ba\u03c6\u03b1\u03c3\u03b9\u03c3\u03bc\u03cc\u03c2, \u03a8\u03b5\u03c5\u03b4\u03bf\u03c6\u03b1\u03c3\u03b9\u03c3\u03bc\u03cc\u03c2<\/a><\/p><\/blockquote>\n<p><iframe class=\"wp-embedded-content\" sandbox=\"allow-scripts\" security=\"restricted\" style=\"position: absolute; clip: rect(1px, 1px, 1px, 1px);\" title=\"&#8220;\u03a0\u03c1\u03bf\u03c6\u03b1\u03c3\u03b9\u03c3\u03bc\u03cc\u03c2, \u0395\u03ba\u03c6\u03b1\u03c3\u03b9\u03c3\u03bc\u03cc\u03c2, \u03a8\u03b5\u03c5\u03b4\u03bf\u03c6\u03b1\u03c3\u03b9\u03c3\u03bc\u03cc\u03c2&#8221; &#8212; DFilippis.gr\" src=\"https:\/\/www.dfilippis.gr\/books\/profasismos-ekfasismos-psevdofasismos\/embed\/#?secret=GoML9ZPgJS#?secret=W0MlDAgZty\" data-secret=\"W0MlDAgZty\" width=\"600\" height=\"338\" frameborder=\"0\" marginwidth=\"0\" marginheight=\"0\" scrolling=\"no\"><\/iframe><\/p>\n<blockquote class=\"wp-embedded-content\" data-secret=\"NHqjYp52Yp\"><p><a href=\"https:\/\/www.dfilippis.gr\/books\/venizelos-y-la-diplomacia-espanola\/\">Venizelos y la diplomacia espa\u00f1ola<\/a><\/p><\/blockquote>\n<p><iframe class=\"wp-embedded-content\" sandbox=\"allow-scripts\" security=\"restricted\" style=\"position: absolute; clip: rect(1px, 1px, 1px, 1px);\" title=\"&#8220;Venizelos y la diplomacia espa\u00f1ola&#8221; &#8212; DFilippis.gr\" src=\"https:\/\/www.dfilippis.gr\/books\/venizelos-y-la-diplomacia-espanola\/embed\/#?secret=RHfkzwfcmH#?secret=NHqjYp52Yp\" data-secret=\"NHqjYp52Yp\" width=\"600\" height=\"338\" frameborder=\"0\" marginwidth=\"0\" marginheight=\"0\" scrolling=\"no\"><\/iframe><\/p>\n<blockquote class=\"wp-embedded-content\" data-secret=\"F6NhAERXky\"><p><a href=\"https:\/\/www.dfilippis.gr\/books\/fedriko-garthia-lorka-omelia3\/\">\u03a6\u0395\u0394\u0395\u03a1\u0399\u039a\u039f \u0393\u039a\u0391\u03a1\u0398\u0399\u0391 \u039b\u039f\u03a1\u039a\u0391 \u03c3\u03c5\u03bd &#8211; \u03bf\u03bc\u03b9\u03bb\u03af\u03b5\u03c2 3<\/a><\/p><\/blockquote>\n<p><iframe class=\"wp-embedded-content\" sandbox=\"allow-scripts\" security=\"restricted\" style=\"position: absolute; clip: rect(1px, 1px, 1px, 1px);\" title=\"&#8220;\u03a6\u0395\u0394\u0395\u03a1\u0399\u039a\u039f \u0393\u039a\u0391\u03a1\u0398\u0399\u0391 \u039b\u039f\u03a1\u039a\u0391 \u03c3\u03c5\u03bd &#8211; \u03bf\u03bc\u03b9\u03bb\u03af\u03b5\u03c2 3&#8221; &#8212; DFilippis.gr\" src=\"https:\/\/www.dfilippis.gr\/books\/fedriko-garthia-lorka-omelia3\/embed\/#?secret=6GJqgr6duR#?secret=F6NhAERXky\" data-secret=\"F6NhAERXky\" width=\"600\" height=\"338\" frameborder=\"0\" marginwidth=\"0\" marginheight=\"0\" scrolling=\"no\"><\/iframe><\/p>\n<blockquote class=\"wp-embedded-content\" data-secret=\"flKfsPtiwC\"><p><a href=\"https:\/\/www.dfilippis.gr\/books\/sindomi-istoria-tis-espanias\/\">\u03a3\u03a5\u039d\u03a4\u039f\u039c\u0397 \u0399\u03a3\u03a4\u039f\u03a1\u0399\u0391 \u03a4\u0397\u03a3 \u0399\u03a3\u03a0\u0391\u039d\u0399\u0391\u03a3<\/a><\/p><\/blockquote>\n<p><iframe class=\"wp-embedded-content\" sandbox=\"allow-scripts\" security=\"restricted\" style=\"position: absolute; clip: rect(1px, 1px, 1px, 1px);\" title=\"&#8220;\u03a3\u03a5\u039d\u03a4\u039f\u039c\u0397 \u0399\u03a3\u03a4\u039f\u03a1\u0399\u0391 \u03a4\u0397\u03a3 \u0399\u03a3\u03a0\u0391\u039d\u0399\u0391\u03a3&#8221; &#8212; DFilippis.gr\" src=\"https:\/\/www.dfilippis.gr\/books\/sindomi-istoria-tis-espanias\/embed\/#?secret=Ml2qfCeax6#?secret=flKfsPtiwC\" data-secret=\"flKfsPtiwC\" width=\"600\" height=\"338\" frameborder=\"0\" marginwidth=\"0\" marginheight=\"0\" scrolling=\"no\"><\/iframe><br \/>\nhttp:\/\/www.dfilippis.gr\/books\/ispanika-gia-ton-tourismo\/<\/p>","protected":false},"excerpt":{"rendered":"<p>https:\/\/www.dfilippis.gr\/2024\/03\/30\/%cf%84ribuna-abierta-de-estudios-hispano-helenos-%cf%84%cf%87-%ce%b5-n-v-1923\/ \u03a4ribuna Abierta de Estudios Hispano-Helenos-21-22 TribunaAbierta 1936 &#8211; \u0395\u03bb\u03bb\u03ac\u03b4\u03b1 \u03ba\u03b1\u03b9 \u0399\u03c3\u03c0\u03b1\u03bd\u03af\u03b1 La Guerra Civil Espa\u00f1ola en Grecia Recuperaci\u00f3n Documental Recuperaci\u00f3n Documental &#8211; ELECTRONIC PUBLICATION 2009 Correspondents in the Spanish Civil War \u03a0\u03c1\u03bf\u03c6\u03b1\u03c3\u03b9\u03c3\u03bc\u03cc\u03c2, \u0395\u03ba\u03c6\u03b1\u03c3\u03b9\u03c3\u03bc\u03cc\u03c2, \u03a8\u03b5\u03c5\u03b4\u03bf\u03c6\u03b1\u03c3\u03b9\u03c3\u03bc\u03cc\u03c2 Venizelos y la diplomacia espa\u00f1ola \u03a6\u0395\u0394\u0395\u03a1\u0399\u039a\u039f \u0393\u039a\u0391\u03a1\u0398\u0399\u0391 \u039b\u039f\u03a1\u039a\u0391 \u03c3\u03c5\u03bd &#8211; \u03bf\u03bc\u03b9\u03bb\u03af\u03b5\u03c2 3 \u03a3\u03a5\u039d\u03a4\u039f\u039c\u0397 \u0399\u03a3\u03a4\u039f\u03a1\u0399\u0391 \u03a4\u0397\u03a3&#8230;<\/p>\n<p> <a class=\"continue-reading-link\" href=\"https:\/\/www.dfilippis.gr\/en\/books\/\"><span>Continue reading<\/span><i class=\"crycon-right-dir\"><\/i><\/a> <\/p>\n","protected":false},"author":1,"featured_media":0,"parent":0,"menu_order":0,"comment_status":"closed","ping_status":"open","template":"","meta":{"footnotes":""},"_links":{"self":[{"href":"https:\/\/www.dfilippis.gr\/en\/wp-json\/wp\/v2\/pages\/110"}],"collection":[{"href":"https:\/\/www.dfilippis.gr\/en\/wp-json\/wp\/v2\/pages"}],"about":[{"href":"https:\/\/www.dfilippis.gr\/en\/wp-json\/wp\/v2\/types\/page"}],"author":[{"embeddable":true,"href":"https:\/\/www.dfilippis.gr\/en\/wp-json\/wp\/v2\/users\/1"}],"replies":[{"embeddable":true,"href":"https:\/\/www.dfilippis.gr\/en\/wp-json\/wp\/v2\/comments?post=110"}],"version-history":[{"count":9,"href":"https:\/\/www.dfilippis.gr\/en\/wp-json\/wp\/v2\/pages\/110\/revisions"}],"predecessor-version":[{"id":1033,"href":"https:\/\/www.dfilippis.gr\/en\/wp-json\/wp\/v2\/pages\/110\/revisions\/1033"}],"wp:attachment":[{"href":"https:\/\/www.dfilippis.gr\/en\/wp-json\/wp\/v2\/media?parent=110"}],"curies":[{"name":"wp","href":"https:\/\/api.w.org\/{rel}","templated":true}]}}