{"id":121,"date":"2015-06-16T16:36:56","date_gmt":"2015-06-16T16:36:56","guid":{"rendered":"http:\/\/www.dfilippis.gr\/?page_id=121"},"modified":"2019-02-28T19:02:14","modified_gmt":"2019-02-28T17:02:14","slug":"recuperacion-documental","status":"publish","type":"page","link":"https:\/\/www.dfilippis.gr\/en\/books\/recuperacion-documental\/","title":{"rendered":"Recuperaci\u00f3n Documental &#8211; ELECTRONIC PUBLICATION 2009"},"content":{"rendered":"<h5>La Herencia Hist\u00f3rica Espa\u00f1ola en Grecia<\/h5>\n<p>\u0391 \u03a4\u039f\u039c\u039f\u03a3 (1936 &#8211; 1939), \u0392 \u03a4\u039f\u039c\u039f\u03a3 (1931-1936)<\/p>\n<table width=\"420\">\n<tbody>\n<tr>\n<td>\u0391\u03c0\u03cc \u03c4\u03b7\u03bd \u03b9\u03c3\u03c4\u03bf\u03c3\u03b5\u03bb\u03af\u03b4\u03b1 \u03c4\u03b7\u03c2 \u0395\u03c4\u03b1\u03b9\u03c1\u03af\u03b1\u03c2 \u0395\u03bb\u03bb\u03ae\u03bd\u03c9\u03bd \u0399\u03c3\u03c0\u03b1\u03bd\u03b9\u03c3\u03c4\u03ce\u03bd\u2026<br \/>\n<a href=\"http:\/\/hispanistas.web.auth.gr\/hispanistas_2\/?page_id=10\" target=\"_blank\" rel=\"noopener noreferrer\">http:\/\/hispanistas.web.auth.gr\/hispanistas_2\/?page_id=10<\/a><\/td>\n<\/tr>\n<tr>\n<td>\n<div align=\"center\"><img decoding=\"async\" loading=\"lazy\" src=\"http:\/\/www.dfilippis.gr\/old-site\/books\/recoperasion\/biblio\/cover.jpg\" width=\"419\" height=\"283\" \/><\/div>\n<\/td>\n<\/tr>\n<tr>\n<td>\n<h4>Dimitris Filipp\u00eds\/\u0394\u03b7\u03bc\u03ae\u03c4\u03c1\u03b7\u03c2 \u03a6\u03b9\u03bb\u03b9\u03c0\u03c0\u03ae\u03c2<\/h4>\n<p>Recuparaci\u00f3n Documental: La Herencia Hist\u00f3rica Espa\u00f1ola en Grecia\/\u0391\u03bd\u03ac\u03ba\u03c4\u03b7\u03c3\u03b7 \u0391\u03c1\u03c7\u03b5\u03b9\u03b1\u03ba\u03bf\u03cd \u03a5\u03bb\u03b9\u03ba\u03bf\u03cd.<\/p>\n<blockquote><p><strong>\u00a0<\/strong><strong>\u0397 \u0399\u03c3\u03c0\u03b1\u03bd\u03b9\u03ba\u03ae \u039a\u03bb\u03b7\u03c1\u03bf\u03bd\u03bf\u03bc\u03b9\u03ac \u03c3\u03c4\u03b7\u03bd \u0395\u03bb\u03bb\u03ac\u03b4\u03b1.<\/strong><br \/>\n<strong>\u039c\u03ad\u03c1\u03bf\u03c2 \u0391<\/strong>: \u0399\u03c3\u03c0\u03b1\u03bd\u03b9\u03ba\u03cc\u03c2 \u0395\u03bc\u03c6\u03cd\u03bb\u03b9\u03bf\u03c2 (1936-39).<br \/>\n<strong>\u039c\u03ad\u03c1\u03bf\u03c2 \u0392:<\/strong>\u00a0\u0392\u2019 \u0399\u03c3\u03c0\u03b1\u03bd\u03b9\u03ba\u03ae \u0394\u03b7\u03bc\u03bf\u03ba\u03c1\u03b1\u03c4\u03af\u03b1 (1931-36).<br \/>\n\u03a4\u03bf \u03ad\u03c1\u03b3\u03bf \u03b1\u03c5\u03c4\u03cc \u03b2\u03b1\u03c3\u03af\u03b6\u03b5\u03c4\u03b1\u03b9 \u03c3\u03c4\u03b1 \u03b1\u03c1\u03c7\u03b5\u03af\u03b1 \u03c4\u03bf\u03c5 \u0394\u03b9\u03c0\u03bb\u03c9\u03bc\u03b1\u03c4\u03b9\u03ba\u03bf\u03cd \u03ba\u03b1\u03b9 \u0399\u03c3\u03c4\u03bf\u03c1\u03b9\u03ba\u03bf\u03cd \u0391\u03c1\u03c7\u03b5\u03af\u03bf\u03c5 \u03c4\u03bf\u03c5 \u0395\u03bb\u03bb\u03b7\u03bd\u03b9\u03ba\u03bf\u03cd \u03a5\u03c0\u03bf\u03c5\u03c1\u03b3\u03b5\u03af\u03bf\u03c5 \u0395\u03be\u03c9\u03c4\u03b5\u03c1\u03b9\u03ba\u03ce\u03bd \u03ba\u03b1\u03b9 \u03b1\u03c0\u03bf\u03c4\u03b5\u03bb\u03b5\u03af \u03bc\u03ad\u03c1\u03bf\u03c2 \u03c4\u03bf\u03c5 \u03c0\u03c1\u03bf\u03b3\u03c1\u03ac\u03bc\u03bc\u03b1\u03c4\u03bf\u03c2 \u03c3\u03c5\u03b3\u03ba\u03ad\u03bd\u03c4\u03c1\u03c9\u03c3\u03b7\u03c2 \u03b1\u03c1\u03c7\u03b5\u03af\u03c9\u03bd Exterior XXI \u03c4\u03bf\u03c5 \u03a5\u03c0\u03bf\u03c5\u03c1\u03b3\u03b5\u03af\u03bf\u03c5 \u03a0\u03bf\u03bb\u03b9\u03c4\u03b9\u03c3\u03bc\u03bf\u03cd \u03c4\u03b7\u03c2 \u0399\u03c3\u03c0\u03b1\u03bd\u03af\u03b1\u03c2 \u03ba\u03b1\u03b9 \u03ac\u03bb\u03bb\u03c9\u03bd \u03c6\u03bf\u03c1\u03ad\u03c9\u03bd.<\/p><\/blockquote>\n<p>\u0397 \u03b1\u03c1\u03c7\u03b9\u03ba\u03ae \u03b7\u03bb\u03b5\u03ba\u03c4\u03c1\u03bf\u03bd\u03b9\u03ba\u03ae \u03ad\u03ba\u03b4\u03bf\u03c3\u03b7 \u03b4\u03b9\u03b1\u03c4\u03af\u03b8\u03b5\u03c4\u03b1\u03b9 \u03c4\u03ce\u03c1\u03b1 \u03ba\u03b1\u03b9 \u03c3\u03b5 \u03b2\u03b9\u03b2\u03bb\u03af\u03bf \u03b1\u03c0\u03cc \u03c4\u03b9\u03c2 Ediciones del Orto\/\u039c\u03b1\u03b4\u03c1\u03af\u03c4\u03b7 2010.<br \/>\n\u038c\u03c0\u03bf\u03b9\u03bf\u03c2 \u03b5\u03bd\u03b4\u03b9\u03b1\u03c6\u03ad\u03c1\u03b5\u03c4\u03b1\u03b9, \u03bc\u03c0\u03bf\u03c1\u03b5\u03af \u03bd\u03b1 \u03b5\u03c0\u03b9\u03ba\u03bf\u03b9\u03bd\u03c9\u03bd\u03ae\u03c3\u03b5\u03b9 \u03bc\u03b5 \u03c4\u03bf \u03c3\u03c5\u03b3\u03b3\u03c1\u03b1\u03c6\u03ad\u03b1 \u03ba\u03b1\u03b9 \u03bc\u03ad\u03bb\u03bf\u03c2 \u03bc\u03b1\u03c2, \u0394\u03b7\u03bc\u03ae\u03c4\u03c1\u03b7 \u03a6\u03b9\u03bb\u03b9\u03c0\u03c0\u03ae, \u03ae \u03b1\u03c0\u03b5\u03c5\u03b8\u03b5\u03af\u03b1\u03c2 \u03bc\u03b5 \u03c4\u03bf\u03bd \u03b5\u03ba\u03b4\u03bf\u03c4\u03b9\u03ba\u03cc \u03bf\u03af\u03ba\u03bf<\/p>\n<hr \/>\n<h3>\u0394\u03b7\u03bc\u03ae\u03c4\u03c1\u03b7\u03c2 \u03a6\u03b9\u03bb\u03b9\u03c0\u03c0\u03ae\u03c2, H \u0399\u03c3\u03c0\u03b1\u03bd\u03af\u03b1 \u03c4\u03b7\u03c2 \u03c0\u03b5\u03c1\u03b9\u03cc\u03b4\u03bf\u03c5 1931-39<\/h3>\n<p align=\"justify\">\u0395\u03bd\u03b7\u03bc\u03b5\u03c1\u03ce\u03bd\u03bf\u03c5\u03bc\u03b5 \u03c4\u03b1 \u03bc\u03ad\u03bb\u03b7 \u03bc\u03b1\u03c2 \u03cc\u03c4\u03b9 \u03c4\u03bf \u0399\u03c3\u03c0\u03b1\u03bd\u03b9\u03ba\u03cc \u03a5\u03c0\u03bf\u03c5\u03c1\u03b3\u03b5\u03af\u03bf \u03a0\u03bf\u03bb\u03b9\u03c4\u03b9\u03c3\u03bc\u03bf\u03cd \u03c3\u03b5 \u03c3\u03c5\u03bd\u03b5\u03c1\u03b3\u03b1\u03c3\u03af\u03b1 \u03bc\u03b5 \u03c4\u03bf \u0395\u03bb\u03bb\u03b7\u03bd\u03b9\u03ba\u03cc \u03a5\u03c0\u03bf\u03c5\u03c1\u03b3\u03b5\u03af\u03bf \u0395\u03be\u03c9\u03c4\u03b5\u03c1\u03b9\u03ba\u03ce\u03bd \u03ba\u03b1\u03b9 \u03c4\u03bf \u0399\u03bd\u03c3\u03c4\u03b9\u03c4\u03bf\u03cd\u03c4\u03bf \u0398\u03b5\u03c1\u03b2\u03ac\u03bd\u03c4\u03b5\u03c2 \u03ac\u03c1\u03c7\u03b9\u03c3\u03b1\u03bd \u03bd\u03b1 \u03b5\u03ba\u03b4\u03af\u03b4\u03bf\u03c5\u03bd \u03c3\u03b5 \u03b7\u03bb\u03b5\u03ba\u03c4\u03c1\u03bf\u03bd\u03b9\u03ba\u03ae \u03bc\u03bf\u03c1\u03c6\u03ae \u03c4\u03bf \u03b1\u03c1\u03c7\u03b5\u03af\u03bf \u03b4\u03b9\u03c0\u03bb\u03c9\u03bc\u03b1\u03c4\u03b9\u03ba\u03ce\u03bd \u03b5\u03b3\u03b3\u03c1\u03ac\u03c6\u03c9\u03bd \u03ba\u03b1\u03b9 \u03bd\u03c4\u03bf\u03ba\u03bf\u03c5\u03bc\u03ad\u03bd\u03c4\u03c9\u03bd \u03c0\u03bf\u03c5 \u03b1\u03bd\u03b1\u03c6\u03ad\u03c1\u03bf\u03bd\u03c4\u03b1\u03b9 \u03c3\u03c4\u03b7\u03bd \u0399\u03c3\u03c0\u03b1\u03bd\u03af\u03b1 \u03c4\u03b7\u03c2 \u03c0\u03b5\u03c1\u03b9\u03cc\u03b4\u03bf\u03c5 1931-39 \u03ba\u03b1\u03b9 \u03c4\u03b1 \u03bf\u03c0\u03bf\u03af\u03b1 \u03ad\u03c7\u03b5\u03b9 \u03c3\u03c5\u03b3\u03ba\u03b5\u03bd\u03c4\u03c1\u03ce\u03c3\u03b5\u03b9 \u03bc\u03b5\u03c4\u03ac \u03ad\u03c1\u03b5\u03c5\u03bd\u03b1 \u03c0\u03bf\u03bb\u03bb\u03ce\u03bd \u03b5\u03c4\u03ce\u03bd \u03c4\u03bf \u03bc\u03ad\u03bb\u03bf\u03c2 \u03bc\u03b1\u03c2 \u0394\u03b7\u03bc\u03ae\u03c4\u03c1\u03b7\u03c2 \u03a6\u03b9\u03bb\u03b9\u03c0\u03c0\u03ae\u03c2 \u03c0\u03bf\u03c5 \u03b5\u03af\u03bd\u03b1\u03b9 \u03ba\u03b1\u03b9 \u03bf \u03c3\u03c5\u03b3\u03b3\u03c1\u03b1\u03c6\u03ad\u03b1\u03c2 \u03c4\u03b7\u03c2 \u03ad\u03ba\u03b4\u03bf\u03c3\u03b7\u03c2 . \u0389\u03b4\u03b7, \u03c4\u03bf\u03bd \u03c0\u03c1\u03bf\u03b7\u03b3\u03bf\u03cd\u03bc\u03b5\u03bd\u03bf \u03bc\u03ae\u03bd\u03b1, \u03b5\u03ba\u03b4\u03cc\u03b8\u03b7\u03ba\u03b1\u03bd \u03b4\u03c5\u03bf \u03c4\u03cc\u03bc\u03bf\u03b9, \u03b4\u03b7\u03bb\u03b1\u03b4\u03ae \u03b4\u03c5\u03bf cd, \u03ba\u03b1\u03b9 \u03c0\u03c1\u03bf\u03c2 \u03c4\u03bf \u03c0\u03b1\u03c1\u03cc\u03bd \u03b4\u03b9\u03b1\u03c4\u03af\u03b8\u03b5\u03bd\u03c4\u03b1\u03b9 \u03c3\u03b5 \u03b2\u03b9\u03b2\u03bb\u03b9\u03bf\u03b8\u03ae\u03ba\u03b5\u03c2, \u03b5\u03bd\u03ce \u03bc\u03ad\u03c3\u03b1 \u03c3\u03c4\u03bf \u03c7\u03c1\u03cc\u03bd\u03bf \u03b8\u03b1 \u03b1\u03bd\u03b1\u03c1\u03c4\u03b7\u03b8\u03bf\u03cd\u03bd \u03ba\u03b1\u03b9 \u03c3\u03c4\u03b9\u03c2 \u03b9\u03c3\u03c4\u03bf\u03c3\u03b5\u03bb\u03af\u03b4\u03b5\u03c2 \u03c4\u03c9\u03bd \u03c5\u03c0\u03bf\u03c5\u03c1\u03b3\u03b5\u03af\u03c9\u03bd. \u03a4\u03b1 \u03b5\u03c0\u03cc\u03bc\u03b5\u03bd\u03b1 \u03b4\u03c5\u03bf-\u03c4\u03c1\u03af\u03b1 \u03c7\u03c1\u03cc\u03bd\u03b9\u03b1 \u03b8\u03b1 \u03b5\u03ba\u03b4\u03bf\u03b8\u03b5\u03af \u03ba\u03b1\u03b9 \u03c4\u03bf \u03c5\u03c0\u03cc\u03bb\u03bf\u03b9\u03c0\u03bf \u03bc\u03ad\u03c1\u03bf\u03c2, \u03b5\u03c6\u03cc\u03c3\u03bf\u03bd \u03c4\u03bf \u03b9\u03c3\u03c0\u03b1\u03bd\u03b9\u03ba\u03cc \u03c5\u03c0\u03bf\u03c5\u03c1\u03b3\u03b5\u03af\u03bf \u03c3\u03c5\u03bd\u03b5\u03c7\u03af\u03c3\u03b5\u03b9 \u03bc\u03b5 \u03c4\u03b7\u03bd \u03b5\u03c0\u03b9\u03c7\u03bf\u03c1\u03ae\u03b3\u03b7\u03c3\u03b7 \u03c4\u03bf\u03c5 \u03c3\u03c5\u03b3\u03ba\u03b5\u03ba\u03c1\u03b9\u03bc\u03ad\u03bd\u03bf\u03c5 \u03c0\u03c1\u03bf\u03b3\u03c1\u03ac\u03bc\u03bc\u03b1\u03c4\u03bf\u03c2. \u0391\u03bd\u03b1\u03bc\u03ad\u03bd\u03b5\u03c4\u03b1\u03b9 \u03b7 \u03b5\u03c0\u03af\u03c3\u03b7\u03bc\u03b7 \u03b1\u03bd\u03b1\u03ba\u03bf\u03af\u03bd\u03c9\u03c3\u03b7 \u03c4\u03b7\u03c2 \u03ad\u03ba\u03b4\u03bf\u03c3\u03b7\u03c2 \u03b1\u03c0\u03cc \u03c4\u03bf \u03a5\u03c0. \u0395\u03be\u03c9\u03c4\u03b5\u03c1\u03b9\u03ba\u03ce\u03bd \u03ba\u03b1\u03b9 \u03c4\u03bf \u0399\u03bd\u03c3\u03c4\u03b9\u03c4\u03bf\u03cd\u03c4\u03bf \u0398\u03b5\u03c1\u03b2\u03ac\u03bd\u03c4\u03b5\u03c2. \u03a3\u03c4\u03b7\u03bd \u0399\u03c3\u03c0\u03b1\u03bd\u03af\u03b1 \u03b2\u03b5\u03b2\u03b1\u03af\u03c9\u03c2 \u03c4\u03bf \u03ad\u03c1\u03b3\u03bf \u03ae\u03b4\u03b7 \u03ad\u03c7\u03b5\u03b9 \u03b1\u03bd\u03b1\u03ba\u03bf\u03b9\u03bd\u03c9\u03b8\u03b5\u03af \u03ba\u03b1\u03b9 \u03b4\u03b9\u03b1\u03c4\u03af\u03b8\u03b5\u03c4\u03b1\u03b9 \u03b1\u03c1\u03c7\u03b9\u03ba\u03ac \u03c3\u03b5 \u03b5\u03c0\u03b9\u03bb\u03b5\u03b3\u03bc\u03ad\u03bd\u03b5\u03c2 \u03b2\u03b9\u03b2\u03bb\u03b9\u03bf\u03b8\u03ae\u03ba\u03b5\u03c2, \u03ba\u03b1\u03b8\u03ce\u03c2 \u03b5\u03bd\u03b4\u03ad\u03c7\u03b5\u03c4\u03b1\u03b9 \u03bd\u03b1 \u03b5\u03ba\u03b4\u03bf\u03b8\u03b5\u03af \u03ba\u03b1\u03b9 \u03bc\u03b5 \u03c4\u03bf\u03bd \u03c0\u03b1\u03c1\u03b1\u03b4\u03bf\u03c3\u03b9\u03b1\u03ba\u03cc \u03c4\u03c1\u03cc\u03c0\u03bf. \u038c\u03c0\u03bf\u03b9\u03bf \u03bc\u03ad\u03bb\u03bf\u03c2 \u03b5\u03bd\u03b4\u03b9\u03b1\u03c6\u03ad\u03c1\u03b5\u03c4\u03b1\u03b9 \u03b3\u03b9\u03b1 \u03c4\u03bf \u03ad\u03c1\u03b3\u03bf \u03b1\u03c2 \u03b5\u03c0\u03b9\u03ba\u03bf\u03b9\u03bd\u03c9\u03bd\u03ae\u03c3\u03b5\u03b9 \u03bc\u03b5 \u03c4\u03bf \u03c3\u03c5\u03bd\u03ac\u03b4\u03b5\u03bb\u03c6\u03bf \u0394. \u03a6\u03b9\u03bb\u03b9\u03c0\u03c0\u03ae. \u0395\u03c0\u03af\u03c3\u03b7\u03c2, \u03c3\u03b1\u03c2 \u03c5\u03c0\u03b5\u03bd\u03b8\u03c5\u03bc\u03af\u03b6\u03bf\u03c5\u03bc\u03b5 \u03cc\u03c4\u03b9 \u03ba\u03c5\u03ba\u03bb\u03bf\u03c6\u03bf\u03c1\u03b5\u03af \u03ba\u03b1\u03b9 \u03c4\u03bf \u03b2\u03b9\u03b2\u03bb\u03af\u03bf Dimitris Filipp\u00eds, Historia y Literatura: la guerra civil espa\u00f1ola en Grecia, Ed. del Orto Universidad de Minnesota, Madrid 2010.<\/p>\n<\/td>\n<\/tr>\n<\/tbody>\n<\/table>\n<h5><\/h5>\n","protected":false},"excerpt":{"rendered":"<p>La Herencia Hist\u00f3rica Espa\u00f1ola en Grecia \u0391 \u03a4\u039f\u039c\u039f\u03a3 (1936 &#8211; 1939), \u0392 \u03a4\u039f\u039c\u039f\u03a3 (1931-1936) \u0391\u03c0\u03cc \u03c4\u03b7\u03bd \u03b9\u03c3\u03c4\u03bf\u03c3\u03b5\u03bb\u03af\u03b4\u03b1 \u03c4\u03b7\u03c2 \u0395\u03c4\u03b1\u03b9\u03c1\u03af\u03b1\u03c2 \u0395\u03bb\u03bb\u03ae\u03bd\u03c9\u03bd \u0399\u03c3\u03c0\u03b1\u03bd\u03b9\u03c3\u03c4\u03ce\u03bd\u2026 http:\/\/hispanistas.web.auth.gr\/hispanistas_2\/?page_id=10 Dimitris Filipp\u00eds\/\u0394\u03b7\u03bc\u03ae\u03c4\u03c1\u03b7\u03c2 \u03a6\u03b9\u03bb\u03b9\u03c0\u03c0\u03ae\u03c2 Recuparaci\u00f3n Documental: La Herencia Hist\u00f3rica Espa\u00f1ola en Grecia\/\u0391\u03bd\u03ac\u03ba\u03c4\u03b7\u03c3\u03b7 \u0391\u03c1\u03c7\u03b5\u03b9\u03b1\u03ba\u03bf\u03cd \u03a5\u03bb\u03b9\u03ba\u03bf\u03cd. \u00a0\u0397 \u0399\u03c3\u03c0\u03b1\u03bd\u03b9\u03ba\u03ae \u039a\u03bb\u03b7\u03c1\u03bf\u03bd\u03bf\u03bc\u03b9\u03ac \u03c3\u03c4\u03b7\u03bd \u0395\u03bb\u03bb\u03ac\u03b4\u03b1. \u039c\u03ad\u03c1\u03bf\u03c2 \u0391: \u0399\u03c3\u03c0\u03b1\u03bd\u03b9\u03ba\u03cc\u03c2 \u0395\u03bc\u03c6\u03cd\u03bb\u03b9\u03bf\u03c2 (1936-39). \u039c\u03ad\u03c1\u03bf\u03c2 \u0392:\u00a0\u0392\u2019 \u0399\u03c3\u03c0\u03b1\u03bd\u03b9\u03ba\u03ae \u0394\u03b7\u03bc\u03bf\u03ba\u03c1\u03b1\u03c4\u03af\u03b1 (1931-36)&#8230;.<\/p>\n<p> <a class=\"continue-reading-link\" href=\"https:\/\/www.dfilippis.gr\/en\/books\/recuperacion-documental\/\"><span>Continue reading<\/span><i class=\"crycon-right-dir\"><\/i><\/a> <\/p>\n","protected":false},"author":1,"featured_media":0,"parent":110,"menu_order":0,"comment_status":"closed","ping_status":"open","template":"","meta":{"footnotes":""},"_links":{"self":[{"href":"https:\/\/www.dfilippis.gr\/en\/wp-json\/wp\/v2\/pages\/121"}],"collection":[{"href":"https:\/\/www.dfilippis.gr\/en\/wp-json\/wp\/v2\/pages"}],"about":[{"href":"https:\/\/www.dfilippis.gr\/en\/wp-json\/wp\/v2\/types\/page"}],"author":[{"embeddable":true,"href":"https:\/\/www.dfilippis.gr\/en\/wp-json\/wp\/v2\/users\/1"}],"replies":[{"embeddable":true,"href":"https:\/\/www.dfilippis.gr\/en\/wp-json\/wp\/v2\/comments?post=121"}],"version-history":[{"count":9,"href":"https:\/\/www.dfilippis.gr\/en\/wp-json\/wp\/v2\/pages\/121\/revisions"}],"predecessor-version":[{"id":818,"href":"https:\/\/www.dfilippis.gr\/en\/wp-json\/wp\/v2\/pages\/121\/revisions\/818"}],"up":[{"embeddable":true,"href":"https:\/\/www.dfilippis.gr\/en\/wp-json\/wp\/v2\/pages\/110"}],"wp:attachment":[{"href":"https:\/\/www.dfilippis.gr\/en\/wp-json\/wp\/v2\/media?parent=121"}],"curies":[{"name":"wp","href":"https:\/\/api.w.org\/{rel}","templated":true}]}}