{"id":49,"date":"2015-06-16T14:33:25","date_gmt":"2015-06-16T14:33:25","guid":{"rendered":"http:\/\/www.dfilippis.gr\/?page_id=49"},"modified":"2019-02-28T18:30:12","modified_gmt":"2019-02-28T16:30:12","slug":"cinema-documentary","status":"publish","type":"page","link":"https:\/\/www.dfilippis.gr\/en\/other\/cinema-documentary\/","title":{"rendered":"Cinema-Documentary"},"content":{"rendered":"<blockquote><p><span style=\"font-size: 14pt;\">\u0395\u03ba\u03b4\u03b7\u03bb\u03ce\u03c3\u03b5\u03b9\u03c2 \u03ba\u03b1\u03b9 \u03b4\u03b7\u03bc\u03bf\u03c3\u03b9\u03b5\u03cd\u03c3\u03b5\u03b9\u03c2\u2026.<\/span><\/p>\n<p><span style=\"font-family: georgia, palatino, serif; font-size: 12pt;\"><strong>\u2192 <span style=\"color: #ff6600;\">\u039d\u03c4\u03bf\u03ba\u03b9\u03bc\u03b1\u03bd\u03c4\u03ad\u03c1<\/span><\/strong><strong>, Misiones Pedag\u00f3gicas (\u03a0\u03b1\u03b9\u03b4\u03b1\u03b3\u03c9\u03b3\u03b9\u03ba\u03ad\u03c2 \u03b1\u03c0\u03bf\u03c3\u03c4\u03bf\u03bb\u03ad\u03c2) \u03c4\u03bf\u03c5 Jos\u00e9 Val de Omar, \u03bc\u03b5\u03c4\u03ac\u03c6\u03c1\u03b1\u03c3\u03b7-\u03c5\u03c0\u03bf\u03c4\u03b9\u03c4\u03bb\u03b9\u03c3\u03bc\u03cc\u03c2\u00a0 \u03c3\u03c4\u03bf \u03c0\u03bb\u03b1\u03af\u03c3\u03b9\u03bf \u03c4\u03bf \u03c3\u03c5\u03bd\u03b5\u03b4\u03c1\u03af\u03bf\u03c5 \u0397 \u0395\u03ba\u03c0\u03b1\u03af\u03b4\u03b5\u03c5\u03c3\u03b7 \u03c3\u03c4\u03b7\u03bd \u0395\u03bb\u03bb\u03ac\u03b4\u03b1 \u03ba\u03b1\u03b9 \u0399\u03c3\u03c0\u03b1\u03bd\u03af\u03b1 \u03c3\u03b5 \u0394\u03b7\u03bc\u03bf\u03ba\u03c1\u03b1\u03c4\u03b9\u03ba\u03ac \u03ba\u03b1\u03b9 \u0391\u03c5\u03c4\u03b1\u03c1\u03c7\u03b9\u03ba\u03ac \u039a\u03b1\u03b8\u03b5\u03c3\u03c4\u03ce\u03c4\u03b1\/<em>La Ense\u00f1anza en Grecia y en Espa\u00f1a en reg\u00edmenes democr\u00e1ticos y autoritarios: La II Rep\u00fablica y las Misiones Pedag\u00f3gicas, la dictadura de Franco y de Metax\u00e1s y la Grecia ocupada (19-20 \u039c\u03b1\u0390\u03bf\u03c5 2008-\u03b4\u03b9\u03bf\u03c1\u03b3\u03b1\u03bd\u03c9\u03c4\u03ad\u03c2 \u03a0\u03ac\u03bd\u03c4\u03b5\u03b9\u03bf \u03a0\u03b1\u03bd\u03b5\u03c0\u03b9\u03c3\u03c4\u03ae\u03bc\u03b9\u03bf-\u0399\u03bd\u03c3\u03c4\u03b9\u03c4\u03bf\u03cd\u03c4\u03bf \u0398\u03b5\u03c1\u03b2\u03ac\u03bd\u03c4\u03b5\u03c2).<\/em><\/strong><\/span><\/p>\n<p><span style=\"font-family: georgia, palatino, serif; font-size: 12pt;\"><strong>\u2192<\/strong><span style=\"color: #ff6600;\">\u03a3\u03c4\u03c1\u03bf\u03b3\u03b3\u03c5\u03bb\u03cc \u03c4\u03c1\u03b1\u03c0\u03ad\u03b6\u03b9<\/span>: <em>\u00ab \u039f \u0399\u03c3\u03c0\u03b1\u03bd\u03b9\u03ba\u03cc\u03c2 \u0395\u03bc\u03c6\u03cd\u03bb\u03b9\u03bf\u03c2 \u03c3\u03c4\u03bf\u03bd \u039a\u03b9\u03bd\u03b7\u03bc\u03b1\u03c4\u03bf\u03b3\u03c1\u03ac\u03c6\u03bf\u00bb. \u03a3\u03c5\u03b6\u03b7\u03c4\u03bf\u03cd\u03bd, \u03bf\u03b9 \u03a7\u03bf\u03c3\u03ad \u039b\u03bf\u03c5\u03af\u03c2 \u039a\u03bf\u03c5\u03ad\u03c1\u03b4\u03b1 (Jos\u00e9 Luis Cuerda), \u0399\u03c3\u03c0\u03b1\u03bd\u03cc\u03c2 \u03c3\u03ba\u03b7\u03bd\u03bf\u03b8\u03ad\u03c4\u03b7\u03c2 \u03ba\u03b1\u03b9 \u03bf\u03b9 \u039c\u03b1\u03c1\u03b9\u03bb\u03ad\u03bd\u03b1 \u03a0\u03bf\u03bb\u03b9\u03c4\u03bf\u03c0\u03bf\u03cd\u03bb\u03bf\u03c5 (\u03c3\u03c5\u03b3\u03b3\u03c1\u03b1\u03c6\u03ad\u03b1\u03c2, \u03b4\u03b7\u03bc\u03bf\u03c3\u03b9\u03bf\u03b3\u03c1\u03ac\u03c6\u03bf\u03c2), \u03a3\u03c4\u03ad\u03bb\u03bb\u03b1 \u0398\u03b5\u03bf\u03b4\u03c9\u03c1\u03ac\u03ba\u03b7 (\u03c3\u03ba\u03b7\u03bd\u03bf\u03b8\u03ad\u03c4\u03b7\u03c2), \u0394\u03b7\u03bc\u03ae\u03c4\u03c1\u03b7\u03c2 \u03a6\u03b9\u03bb\u03b9\u03c0\u03c0\u03ae\u03c2 (\u0395\u03bb\u03bb\u03b7\u03bd\u03b9\u03ba\u03cc \u0391\u03bd\u03bf\u03b9\u03c7\u03c4\u03cc \u03a0\u03b1\u03bd\/\u03bc\u03b9\u03bf). \u03a4\u03b7 \u03c3\u03c5\u03b6\u03ae\u03c4\u03b7\u03c3\u03b7 \u03b8\u03b1 \u03c3\u03c5\u03bd\u03c4\u03bf\u03bd\u03af\u03c3\u03b5\u03b9 \u03b7 \u039c\u03b1\u03c1\u03af\u03b1 \u039a\u03bf\u03bc\u03bd\u03b7\u03bd\u03bf\u03cd (\u0391\u03bd\u03b1\u03c0\u03bb\u03b7\u03c1\u03ce\u03c4\u03c1\u03b9\u03b1 \u039a\u03b1\u03b8\u03b7\u03b3\u03ae\u03c4\u03c1\u03b9\u03b1 \u03a4\u03bc\u03ae\u03bc\u03b1\u03c4\u03bf\u03c2 \u0395\u03c0\u03b9\u03ba\u03bf\u03b9\u03bd\u03c9\u03bd\u03af\u03b1\u03c2 \u03ba\u03b1\u03b9 \u039c\u039c\u0395 \u03a0\u03b1\u03bd\/\u03bc\u03af\u03bf\u03c5 \u0391\u03b8\u03b7\u03bd\u03ce\u03bd). \u0397 \u03b5\u03ba\u03b4\u03ae\u03bb\u03c9\u03c3\u03b7 \u03b3\u03af\u03bd\u03b5\u03c4\u03b1\u03b9 \u03c3\u03b5 \u03c3\u03c5\u03bd\u03b5\u03c1\u03b3\u03b1\u03c3\u03af\u03b1 \u03bc\u03b5 \u03c4\u03bf \u0394\u03b9\u03b5\u03b8\u03bd\u03ad\u03c2 \u03a6\u03b5\u03c3\u03c4\u03b9\u03b2\u03ac\u03bb \u039a\u03b9\u03bd\u03b7\u03bc\u03b1\u03c4\u03bf\u03b3\u03c1\u03ac\u03c6\u03bf\u03c5 \u0398\u03b5\u03c3\u03c3\u03b1\u03bb\u03bf\u03bd\u03af\u03ba\u03b7\u03c2, \u03c4\u03b7\u03bd \u03a4\u03b1\u03b9\u03bd\u03b9\u03bf\u03b8\u03ae\u03ba\u03b7 \u03c4\u03b7\u03c2 \u0399\u03c3\u03c0\u03b1\u03bd\u03af\u03b1\u03c2 \u03c3\u03c4\u03b7 \u039c\u03b1\u03b4\u03c1\u03af\u03c4\u03b7 (FilmotecaEspa\u00f1ola) \u03ba\u03b1\u03b9 \u03c4\u03b7\u03bd \u03c5\u03c0\u03bf\u03c3\u03c4\u03ae\u03c1\u03b9\u03be\u03b7 \u03c4\u03c9\u03bd \u03b5\u03c4\u03b1\u03b9\u03c1\u03b5\u03b9\u03ce\u03bd \u03b4\u03b9\u03b1\u03bd\u03bf\u03bc\u03ae\u03c2 PCV, Audiovisual \u03ba\u03b1\u03b9 CarouselFilms. \u03a0\u03ad\u03bc\u03c0\u03c4\u03b7 7 \u039f\u03ba\u03c4\u03c9\u03b2\u03c1\u03af\u03bf\u03c5 2010 \u03c3\u03c4\u03b9\u03c2 12:30.<\/em><\/span><\/p>\n<p><span style=\"font-family: georgia, palatino, serif; font-size: 12pt;\"><strong>\u2192 <\/strong><span style=\"color: #ff6600;\">\u03a1\u03b1\u03b4\u03b9\u03bf\u03c6\u03c9\u03bd\u03b9\u03ba\u03ae \u03b5\u03ba\u03c0\u03bf\u03bc\u03c0\u03ae<\/span> <strong>\u03b3\u03b9\u03b1 \u03c4\u03bf \u03a3\u03c5\u03bd\u03ad\u03b4\u03c1\u03b9\u03bf \u0399\u03c3\u03c0\u03b1\u03bd\u03b9\u03ba\u03cc\u03c2 \u0395\u03bc\u03c6\u03cd\u03bb\u03b9\u03bf\u03c2: \u0395\u03bb\u03bb\u03ac\u03b4\u03b1-\u039a\u03cd\u03c0\u03c1\u03bf\u03c2-\u0395\u03c5\u03c1\u03ce\u03c0\u03b7, \u03ba\u03c5\u03c0\u03c1\u03b9\u03b1\u03ba\u03cc\u03c2\u00a0<em>\u03c1\u03b1\u03b4\u03b9\u03bf\u03c6\u03c9\u03bd\u03b9\u03ba\u03cc\u03c2 \u03c3\u03c4\u03b1\u03b8\u03bc\u03cc\u03c2\u00a0<\/em>Astra, 20-2-2015,\u00a0<a href=\"https:\/\/www.youtube.com\/watch?v=lWnEZnURN3g\" target=\"_blank\" rel=\"noopener noreferrer\">https:\/\/www.youtube.com\/watch?v=lWnEZnURN3g<\/a><\/strong><\/span><\/p>\n<p><span style=\"font-family: georgia, palatino, serif; font-size: 12pt;\"><strong>\u2192<\/strong><span style=\"color: #ff6600;\">\u03a0\u03b1\u03c1\u03bf\u03c5\u03c3\u03af\u03b1\u03c3\u03b7 \u03c4\u03b1\u03b9\u03bd\u03af\u03b1\u03c2<\/span>:\u00a0<strong><em>Pan negro-\u039c\u03b1\u03cd\u03c1\u03bf \u03c8\u03c9\u03bc\u03af\u00a0<\/em>\u03c4\u03bf\u03c5 Agust\u00ed Villaronga \u03bc\u03b5 \u03b5\u03b9\u03c3\u03b1\u03b3\u03c9\u03b3\u03ae \u03c4\u03bf\u03c5 \u0394\u03b7\u03bc. \u03a6\u03b9\u03bb\u03b9\u03c0\u03c0\u03ae \u00a0\u03c3\u03c4\u03b7\u03bd \u03b9\u03c3\u03c4\u03bf\u03c1\u03b9\u03ba\u03ae \u03c0\u03b5\u03c1\u03af\u03bf\u03b4\u03bf \u03c0\u03bf\u03c5 \u03c0\u03c1\u03b1\u03b3\u03bc\u03b1\u03c4\u03b5\u03cd\u03b5\u03c4\u03b1\u03b9 \u03b7 \u03c4\u03b1\u03b9\u03bd\u03af\u03b1. \u0395\u03ba\u03b4\u03ae\u03bb\u03c9\u03c3\u03b7 \u03c4\u03b7\u03c2 \u0399\u03c3\u03c0\u03b1\u03bd\u03b9\u03ba\u03ae\u03c2 \u03a0\u03c1\u03b5\u03c3\u03b2\u03b5\u03af\u03b1\u03c2 \u03ba\u03b1\u03b9 \u03c4\u03bf\u03c5 \u0399\u03bd\u03c3\u03c4\u03b9\u03c4\u03bf\u03cd\u03c4\u03bf\u03c5 \u0398\u03b5\u03c1\u03b2\u03ac\u03bd\u03c4\u03b5\u03c2. \u03a3\u03c4\u03bf \u0399\u03bd\u03c3\u03c4\u03b9\u03c4\u03bf\u03cd\u03c4\u03bf \u0398\u03b5\u03c1\u03b2\u03ac\u03bd\u03c4\u03b5\u03c2, 6-6-2012. \u03a4\u03bf \u03ba\u03b5\u03af\u03bc\u03b5\u03bd\u03bf \u03c4\u03b7\u03c2 \u03c0\u03b1\u03c1\u03bf\u03c5\u03c3\u03af\u03b1\u03c3\u03b7\u03c2 \u03c4\u03b7\u03c2 \u03c4\u03b1\u03b9\u03bd\u03af\u03b1\u03c2: <a href=\"https:\/\/juanitalaquejica.blogspot.com\/2012\/06\/blog-post_9632.html\" target=\"_blank\" rel=\"noopener noreferrer\">https:\/\/juanitalaquejica.blogspot.com\/2012\/06\/blog-post_9632.html\u00a0<\/a><\/strong><\/span><\/p>\n<p><span style=\"font-family: georgia, palatino, serif; font-size: 12pt;\"><strong>\u2192<\/strong>\u039a\u03b9\u03bd\u03b7\u03bc\u03b1\u03c4\u03bf\u03b3\u03c1\u03b1\u03c6\u03b9\u03ba\u03ae \u03b2\u03c1\u03b1\u03b4\u03b9\u03ac: <strong>&#8220;\u0399\u03c3\u03c0\u03b1\u03bd\u03b9\u03ba\u03bf\u03af \u03b5\u03be\u03cc\u03c1\u03b9\u03c3\u03c4\u03bf\u03b9 \u03c3\u03c4\u03b7 \u039b\u03b1\u03c4\u03b9\u03bd\u03b9\u03ba\u03ae \u0391\u03bc\u03b5\u03c1\u03b9\u03ba\u03ae, \u03bf \u03ba\u03b9\u03bd\u03b7\u03bc\u03b1\u03c4\u03bf\u03b3\u03c1\u03ac\u03c6\u03bf\u03c2 \u03c4\u03bf\u03c5 \u0399\u03c3\u03c0\u03b1\u03bd\u03b9\u03ba\u03bf\u03cd \u0395\u03bc\u03c6\u03c5\u03bb\u03af\u03bf\u03c5-\u03c0\u03c1\u03bf\u03b2\u03bf\u03bb\u03ae \u03c4\u03b7\u03c2 \u03c4\u03b1\u03b9\u03bd\u03af\u03b1\u03c2 \u0397 \u03b3\u03bb\u03ce\u03c3\u03c3\u03b1 \u03c4\u03b7\u03c2 \u03c0\u03b5\u03c4\u03b1\u03bb\u03bf\u03cd\u03b4\u03b1\u03c2&#8221;.<\/strong> <em>\u039c\u03ac\u03c1\u03ba\u03bf\u03c2 \u039c\u03c0\u03c1\u03cc\u03b3\u03b9\u03b5\u03c1,\u00a0\u0394. \u03a6\u03b9\u03bb\u03b9\u03c0\u03c0\u03ae\u03c2-\u0392\u03b9\u03b2\u03bb\u03b9\u03bf\u03b8\u03ae\u03ba\u03b7 \u0395\u0391\u03a0, \u0393\u03c1\u03b1\u03b2\u03b9\u03ac\u03c2 4-6, \u0391\u03b8\u03ae\u03bd\u03b1. \u03a0\u03b1\u03c1\u03b1\u03c3\u03ba\u03b5\u03c5\u03ae 25-5-2018, 19.00.<\/em><\/span><\/p>\n<p>&nbsp;<\/p><\/blockquote>\n","protected":false},"excerpt":{"rendered":"<p>\u0395\u03ba\u03b4\u03b7\u03bb\u03ce\u03c3\u03b5\u03b9\u03c2 \u03ba\u03b1\u03b9 \u03b4\u03b7\u03bc\u03bf\u03c3\u03b9\u03b5\u03cd\u03c3\u03b5\u03b9\u03c2\u2026. \u2192 \u039d\u03c4\u03bf\u03ba\u03b9\u03bc\u03b1\u03bd\u03c4\u03ad\u03c1, Misiones Pedag\u00f3gicas (\u03a0\u03b1\u03b9\u03b4\u03b1\u03b3\u03c9\u03b3\u03b9\u03ba\u03ad\u03c2 \u03b1\u03c0\u03bf\u03c3\u03c4\u03bf\u03bb\u03ad\u03c2) \u03c4\u03bf\u03c5 Jos\u00e9 Val de Omar, \u03bc\u03b5\u03c4\u03ac\u03c6\u03c1\u03b1\u03c3\u03b7-\u03c5\u03c0\u03bf\u03c4\u03b9\u03c4\u03bb\u03b9\u03c3\u03bc\u03cc\u03c2\u00a0 \u03c3\u03c4\u03bf \u03c0\u03bb\u03b1\u03af\u03c3\u03b9\u03bf \u03c4\u03bf \u03c3\u03c5\u03bd\u03b5\u03b4\u03c1\u03af\u03bf\u03c5 \u0397 \u0395\u03ba\u03c0\u03b1\u03af\u03b4\u03b5\u03c5\u03c3\u03b7 \u03c3\u03c4\u03b7\u03bd \u0395\u03bb\u03bb\u03ac\u03b4\u03b1 \u03ba\u03b1\u03b9 \u0399\u03c3\u03c0\u03b1\u03bd\u03af\u03b1 \u03c3\u03b5 \u0394\u03b7\u03bc\u03bf\u03ba\u03c1\u03b1\u03c4\u03b9\u03ba\u03ac \u03ba\u03b1\u03b9 \u0391\u03c5\u03c4\u03b1\u03c1\u03c7\u03b9\u03ba\u03ac \u039a\u03b1\u03b8\u03b5\u03c3\u03c4\u03ce\u03c4\u03b1\/La Ense\u00f1anza en Grecia y en Espa\u00f1a en reg\u00edmenes democr\u00e1ticos y autoritarios: La II Rep\u00fablica y las Misiones Pedag\u00f3gicas, la dictadura&#8230;<\/p>\n<p> <a class=\"continue-reading-link\" href=\"https:\/\/www.dfilippis.gr\/en\/other\/cinema-documentary\/\"><span>Continue reading<\/span><i class=\"crycon-right-dir\"><\/i><\/a> <\/p>\n","protected":false},"author":1,"featured_media":0,"parent":467,"menu_order":0,"comment_status":"open","ping_status":"open","template":"","meta":{"footnotes":""},"_links":{"self":[{"href":"https:\/\/www.dfilippis.gr\/en\/wp-json\/wp\/v2\/pages\/49"}],"collection":[{"href":"https:\/\/www.dfilippis.gr\/en\/wp-json\/wp\/v2\/pages"}],"about":[{"href":"https:\/\/www.dfilippis.gr\/en\/wp-json\/wp\/v2\/types\/page"}],"author":[{"embeddable":true,"href":"https:\/\/www.dfilippis.gr\/en\/wp-json\/wp\/v2\/users\/1"}],"replies":[{"embeddable":true,"href":"https:\/\/www.dfilippis.gr\/en\/wp-json\/wp\/v2\/comments?post=49"}],"version-history":[{"count":24,"href":"https:\/\/www.dfilippis.gr\/en\/wp-json\/wp\/v2\/pages\/49\/revisions"}],"predecessor-version":[{"id":799,"href":"https:\/\/www.dfilippis.gr\/en\/wp-json\/wp\/v2\/pages\/49\/revisions\/799"}],"up":[{"embeddable":true,"href":"https:\/\/www.dfilippis.gr\/en\/wp-json\/wp\/v2\/pages\/467"}],"wp:attachment":[{"href":"https:\/\/www.dfilippis.gr\/en\/wp-json\/wp\/v2\/media?parent=49"}],"curies":[{"name":"wp","href":"https:\/\/api.w.org\/{rel}","templated":true}]}}