{"id":539,"date":"2018-07-27T19:55:52","date_gmt":"2018-07-27T19:55:52","guid":{"rendered":"http:\/\/www.dfilippis.gr\/?page_id=539"},"modified":"2025-10-19T21:03:12","modified_gmt":"2025-10-19T18:03:12","slug":"%cf%80%cf%81%cf%8c%cf%83%cf%86%ce%b1%cf%84%ce%b1","status":"publish","type":"page","link":"https:\/\/www.dfilippis.gr\/en\/%cf%80%cf%81%cf%8c%cf%83%cf%86%ce%b1%cf%84%ce%b1\/","title":{"rendered":"Events-Publications (2017-2020 selection)"},"content":{"rendered":"<p>&nbsp;<\/p>\n<p><em>\u2192\u00a0 \u0395\u03b9\u03c3\u03ae\u03b3\u03b7\u03c3\u03b7 \u03c3\u03b5 \u0397\u03bc\u03b5\u03c1\u03af\u03b4\u03b1:<\/em>\u00a0&#8220;\u03a4\u03bf \u03bc\u03c0\u03b1\u03c1\u03cc\u03ba \u03b1\u03bd\u03c4\u03b9\u03bb\u03b5\u03be\u03b9\u03ba\u03cc \u03c4\u03b7\u03c2 \u0399\u03c3\u03c0\u03b1\u03bd\u03bf\u03c3\u03cd\u03bd\u03b7\u03c2-\u03b9\u03c0\u03c0\u03bf\u03c3\u03cd\u03bd\u03b7, \u03b5\u03c0\u03b9\u03c3\u03c4\u03b7\u03bc\u03bf\u03c3\u03cd\u03bd\u03b7, \u03bb\u03bf\u03b3\u03b9\u03bf\u03c3\u03cd\u03bd\u03b7 \u03c3\u03c4\u03bf\u03bd \u0394\u03bf\u03bd \u039a\u03b9\u03c7\u03ce\u03c4\u03b7&#8221;:\u00a0 2<sup>nd<\/sup><em> International Workshop of Science and Literature- \u201cBeyond Nature in Science and Literature\u201d<\/em>\u00a0-\u0395\u03bb\u03bb\u03b7\u03bd\u03b9\u03ba\u03cc \u0391\u03bd\u03bf\u03b9\u03ba\u03c4\u03cc \u03a0\u03b1\u03bd\u03b5\u03c0\u03b9\u03c3\u03c4\u03ae\u03bc\u03b9\u03bf-\u03a3\u03b5\u03bc\u03b9\u03bd\u03ac\u03c1\u03b9\u03b1 \u03c4\u03b7\u03c2 \u03a3\u03cd\u03c1\u03bf\u03c5, 5-7 \u0399\u03bf\u03c5\u03bb\u03af\u03bf\u03c5 2017.<\/p>\n<p><em>\u2192\u0395\u03b9\u03c3\u03ae\u03b3\u03b7\u03c3\u03b7 \u03c3\u03b5 \u0397\u03bc\u03b5\u03c1\u03af\u03b4\u03b1: <\/em>&#8220;\u0397 \u0399\u03c3\u03c0\u03b1\u03bd\u03af\u03b1 \u03c3\u03c4\u03bf\u03c5\u03c2 \u03c0\u03c1\u03ce\u03b9\u03bc\u03bf\u03c5\u03c2 \u03bd\u03ad\u03bf\u03c5\u03c2 \u03c7\u03c1\u03cc\u03bd\u03bf\u03c5\u03c2-\u03c0\u03b1\u03c1\u03ac\u03bb\u03bb\u03b7\u03bb\u03bf \u03ba\u03b5\u03af\u03bc\u03b5\u03bd\u03bf \u03b1\u03bd\u03b1\u03ba\u03b5\u03c6\u03b1\u03bb\u03b1\u03af\u03c9\u03c3\u03b7\u03c2 \u03ba\u03b1\u03b9 \u03b4\u03c1\u03b1\u03c3\u03c4\u03b7\u03c1\u03b9\u03cc\u03c4\u03b7\u03c4\u03b5\u03c2 \u03b5\u03bc\u03c0\u03ad\u03b4\u03c9\u03c3\u03b7\u03c2&#8221;,\u00a0 \u03a3\u03c5\u03bd\u03ad\u03b4\u03c1\u03b9\u03bf-\u0391\u03c6\u03b9\u03ad\u03c1\u03c9\u03bc\u03b1 \u03c3\u03c4\u03b1 20 \u03c7\u03c1\u03cc\u03bd\u03b9\u03b1 \u03c4\u03bf\u03c5 \u0395\u03bb\u03bb\u03b7\u03bd\u03b9\u03ba\u03bf\u03cd \u0391\u03bd\u03bf\u03b9\u03ba\u03c4\u03bf\u03cd \u03a0\u03b1\u03bd\u03b5\u03c0\u03b9\u03c3\u03c4\u03b7\u03bc\u03af\u03bf\u03c5-\u03a3\u03c7\u03bf\u03bb\u03ae \u0391\u03bd\u03b8\u03c1\u03c9\u03c0\u03b9\u03c3\u03c4\u03b9\u03ba\u03ce\u03bd \u03a3\u03c0\u03bf\u03c5\u03b4\u03ce\u03bd. \u039d\u03bf\u03ad\u03bc\u03b2\u03c1\u03b9\u03bf\u03c2 2017<\/p>\n<p><a href=\"https:\/\/eproceedings.epublishing.ekt.gr\/index.php\/openedu\/article\/view\/1380\/1256\" target=\"_blank\" rel=\"noopener noreferrer\">https:\/\/eproceedings.epublishing.ekt.gr\/index.php\/openedu\/article\/view\/1380\/1256<\/a><\/p>\n<h6><strong>\u2192 \u03a0\u03b1\u03c1\u03bf\u03c5\u03c3\u03af\u03b1\u03c3\u03b7 \u03b2\u03b9\u03b2\u03bb\u03af\u03bf\u03c5-Presentaci\u00f3n del libro :\u00a0Pedro \u00c1lvarez de Frutos-Dimitris Filipp\u00eds,<\/strong>\u00a0<strong><em>II Rep\u00fablica griega (1924-1935). Venizelos<\/em><em> y<\/em><em> la\u00a0<\/em><em>diplomacia<\/em><em> espa<\/em><em>\u00f1ola,\u00a0<cite><span id=\"ctrlFichaWebActividad_lbAutor\">Centro de Estudios Bizantinos, Neogriegos y Chipriotas,<\/span><\/cite><\/em><\/strong><cite><span id=\"ctrlFichaWebActividad_lbAutor\"><strong>\u00a0<\/strong><em><strong>Granada 2017<\/strong> <\/em>,<\/span><\/cite><strong>01.03.2018, <a href=\"http:\/\/www.dfilippis.gr\/wp-content\/uploads\/2018\/08\/IMG_4719.jpg\"><img decoding=\"async\" loading=\"lazy\" class=\"size-thumbnail wp-image-605 alignright\" src=\"http:\/\/www.dfilippis.gr\/wp-content\/uploads\/2018\/08\/IMG_4719-150x150.jpg\" alt=\"\" width=\"150\" height=\"150\" \/><\/a>19.00 \u03a0\u03b1\u03c1\u03bf\u03c5\u03c3\u03af\u03b1\u03c3\u03b7 \u03c3\u03c4\u03bf \u0399\u03bd\u03c3\u03c4\u03b9\u03c4\u03bf\u03cd\u03c4\u03bf \u0398\u03b5\u03c1\u03b2\u03ac\u03bd\u03c4\u03b5\u03c2, \u03a3\u03ba\u03bf\u03c5\u03c6\u03ac 31, \u0391\u03b8\u03ae\u03bd\u03b1\u00a0 (\u03bc\u03b5 \u03bc\u03bf\u03c5\u03c3\u03b9\u03ba\u03cc \u03bc\u03ad\u03c1\u03bf\u03c2, &#8220;\u0399\u03c3\u03c0\u03b1\u03bd\u03b9\u03ba\u03ac \u03c4\u03c1\u03b1\u03b3\u03bf\u03cd\u03b4\u03b9\u03b1 \u03c4\u03b7\u03c2 \u03b5\u03be\u03bf\u03c1\u03af\u03b1\u03c2&#8221; \u03b1\u03c0\u03cc \u03c4\u03bf\u03c5\u03c2 \u0392\u03b1\u03c3\u03b9\u03bb\u03b9\u03ba\u03ae \u039a\u03b1\u03bd\u03b5\u03bb\u03bb\u03b9\u03ac\u03b4\u03bf\u03c5-\u03a6\u03ce\u03c4\u03b7 \u0398\u03b5\u03bf\u03b4\u03bf\u03c1\u03af\u03b4\u03b7) \u03ba\u03b1\u03b9 19-3-2018, 12.00, \u03c3\u03c4\u03bf \u03a0\u03b1\u03bd\u03b5\u03c0\u03b9\u03c3\u03c4\u03ae\u03bc\u03b9\u03bf \u03c4\u03b7\u03c2 \u0393\u03c1\u03b1\u03bd\u03ac\u03b4\u03b1\u03c2, \u03b1\u03af\u03b8\u03bf\u03c5\u03c3\u03b1 Jos\u00e9 Palanco.<a href=\"http:\/\/www.dfilippis.gr\/wp-content\/uploads\/2018\/08\/IMG_4791.jpg\"><img decoding=\"async\" loading=\"lazy\" class=\"size-thumbnail wp-image-600 alignleft\" src=\"http:\/\/www.dfilippis.gr\/wp-content\/uploads\/2018\/08\/IMG_4791-150x150.jpg\" alt=\"\" width=\"150\" height=\"150\" \/><\/a><\/strong><\/h6>\n<p><em>\u2192\u039c\u03b1\u03b8\u03ae\u03bc\u03b1\u03c4\u03b1\/\u0395rasmus: &#8220;\u0395spa\u00f1a<\/em> y Grecia en los siglos XIX y XX&#8221;, &#8220;Una aproximaci\u00f3n a la Grecia del siglo XX a trav\u00e9s de los documentos diplom\u00e1ticos espa\u00f1oles&#8221;: 18-23 \u0391\u03c0\u03c1\u03b9\u03bb\u03af\u03bf\u03c5 2018,\u00a0 Universidad de Granada &amp; Centro de Estudios Bizantinos, Neogriegos y Chipriotas- \u039a\u03ad\u03bd\u03c4\u03c1\u03bf \u0392\u03c5\u03b6\u03b1\u03bd\u03c4\u03b9\u03bd\u03ce\u03bd \u039d\u03b5\u03bf\u03bb\u03bb\u03b7\u03bd\u03b9\u03ba\u03ce\u03bd \u03ba\u03b1\u03b9 \u039a\u03c5\u03c0\u03c1\u03b9\u03b1\u03ba\u03ce\u03bd \u03a3\u03c0\u03bf\u03c5\u03b4\u03ce\u03bd-\u0393\u03c1\u03b1\u03bd\u03ac\u03b4\u03b1.<\/p>\n<p><em>\u2192<\/em>\u00a0 <em>\u039c\u03bf\u03c5\u03c3\u03b9\u03ba\u03ae \u03b5\u03ba\u03b4\u03ae\u03bb\u03c9\u03c3\u03b7<\/em> (\u03b4\u03b9\u03bf\u03c1\u03b3\u03ac\u03bd\u03c9\u03c3\u03b7-\u03c0\u03b1\u03c1\u03bf\u03c5\u03c3\u03af\u03b1\u03c3\u03b7): &#8220;\u0399\u03c3\u03c0\u03b1\u03bd\u03b9\u03ba\u03ac \u03c4\u03c1\u03b1\u03b3\u03bf\u03cd\u03b4\u03b9\u03b1 \u03c4\u03b7\u03c2 \u03b5\u03be\u03bf\u03c1\u03af\u03b1\u03c2, \u03c4\u03b7\u03c2 \u03c0\u03c1\u03bf\u03c3\u03c6\u03c5\u03b3\u03b9\u03ac\u03c2, \u03c4\u03b7\u03c2 \u03c0\u03b5\u03c1\u03b9\u03c0\u03bb\u03ac\u03bd\u03b7\u03c3\u03b7\u03c2&#8221;. 15-12-2017 \u0392\u03b9\u03b2\u03bb\u03b9\u03bf\u03b8\u03ae\u03ba\u03b7 \u0395\u0391\u03a0, \u03a0\u03b1\u03c4\u03c1\u03ce\u03bd \u039a\u03bb\u03ac\u03bf\u03c5\u03c2 46 \u03a0\u03ac\u03c4\u03c1\u03b1, \u03ba\u03b1\u03b9\u00a0 2-3-2018, \u0392\u03b9\u03b2\u03bb\u03b9\u03bf\u03b8\u03ae\u03ba\u03b7 \u0395\u0391\u03a0, \u0393\u03c1\u03b1\u03b2\u03b9\u03ac\u03c2 4-6, \u0391\u03b8\u03ae\u03bd\u03b1<\/p>\n<p>\u2192 <em>\u0395\u03b9\u03c3\u03ae\u03b3\u03b7\u03c3\u03b7 \u03c3\u03b5 \u03a3\u03c5\u03bd\u03ad\u03b4\u03c1\u03b9\u03bf<\/em>: &#8220;Bolivar, eres hermoso como un griego&#8230;en tu labirinto&#8221;, IV Congreso Internacional sobre Iberoam\u00e9rica, Atenas, 28-30 de mayo 2018<\/p>\n<p><a href=\"http:\/\/www.dfilippis.gr\/wp-content\/uploads\/2018\/07\/I\u03a3\u03a0_\u03a0\u03a1\u039f\u0393_\u039d\u0395\u039f_press.pdf\"><img decoding=\"async\" loading=\"lazy\" class=\"alignnone size-large wp-image-533\" src=\"http:\/\/www.dfilippis.gr\/wp-content\/uploads\/2018\/07\/isp-eikona-1024x594.png\" alt=\"\" width=\"900\" height=\"522\" srcset=\"https:\/\/www.dfilippis.gr\/wp-content\/uploads\/2018\/07\/isp-eikona-1024x594.png 1024w, https:\/\/www.dfilippis.gr\/wp-content\/uploads\/2018\/07\/isp-eikona-300x174.png 300w, https:\/\/www.dfilippis.gr\/wp-content\/uploads\/2018\/07\/isp-eikona-768x445.png 768w, https:\/\/www.dfilippis.gr\/wp-content\/uploads\/2018\/07\/isp-eikona-150x87.png 150w, https:\/\/www.dfilippis.gr\/wp-content\/uploads\/2018\/07\/isp-eikona.png 1152w\" sizes=\"(max-width: 900px) 100vw, 900px\" \/><\/a><\/p>\n<p><em>\u2192<\/em>\u00a0 <em>\u0394\u03b9\u03ac\u03bb\u03b5\u03be\u03b7:<\/em>\u00a0&#8220;\u0399\u03c3\u03c0\u03b1\u03bd\u03b9\u03ba\u03bf\u03af \u03b5\u03be\u03cc\u03c1\u03b9\u03c3\u03c4\u03bf\u03b9 \u03c3\u03c4\u03b7 \u039b\u03b1\u03c4\u03b9\u03bd\u03b9\u03ba\u03ae \u0391\u03bc\u03b5\u03c1\u03b9\u03ba\u03ae \u03ba\u03b1\u03b9 \u03bf \u03ba\u03b9\u03bd\u03b7\u03bc\u03b1\u03c4\u03bf\u03b3\u03c1\u03ac\u03c6\u03bf\u03c2 \u03c4\u03bf\u03c5 \u0399\u03c3\u03c0\u03b1\u03bd\u03b9\u03ba\u03bf\u03cd \u0395\u03bc\u03c6\u03c5\u03bb\u03af\u03bf\u03c5-\u03c0\u03c1\u03bf\u03b2\u03bf\u03bb\u03ae \u03c4\u03b7\u03c2 \u03c4\u03b1\u03b9\u03bd\u03af\u03b1\u03c2 \u0397 \u03b3\u03bb\u03ce\u03c3\u03c3\u03b1 \u03c4\u03b7\u03c2 \u03c0\u03b5\u03c4\u03b1\u03bb\u03bf\u03cd\u03b4\u03b1\u03c2&#8221;.\u00a0 \u039c\u03ac\u03c1\u03ba\u03bf\u03c2 \u039c\u03c0\u03c1\u03cc\u03b3\u03b9\u03b5\u03c1,\u00a0\u03ba\u03b1\u03b8\u03b7\u03b3\u03b7\u03c4\u03ae\u03c2-\u0399\u03bd\u03c3\u03c4\u03b9\u03c4\u03bf\u03cd\u03c4\u03bf \u0398\u03b5\u03c1\u03b2\u03ac\u03bd\u03c4\u03b5\u03c2 \u03c4\u03b7\u03c2 \u0391\u03b8\u03ae\u03bd\u03b1\u03c2,\u00a0\u0394. \u03a6\u03b9\u03bb\u03b9\u03c0\u03c0\u03ae\u03c2-\u0392\u03b9\u03b2\u03bb\u03b9\u03bf\u03b8\u03ae\u03ba\u03b7 \u0395\u0391\u03a0, \u0393\u03c1\u03b1\u03b2\u03b9\u03ac\u03c2 4-6, \u0391\u03b8\u03ae\u03bd\u03b1. \u03a0\u03b1\u03c1\u03b1\u03c3\u03ba\u03b5\u03c5\u03ae 25-5-2018, 19.00.<\/p>\n<p><em>\u2192<\/em> <em>\u0397\u03bc\u03b5\u03c1\u03af\u03b4\u03b1\u00a0 <\/em>(\u03b4\u03b9\u03bf\u03c1\u03b3\u03ac\u03bd\u03c9\u03c3\u03b7 &amp; \u03b5\u03b9\u03c3\u03b7\u03b3\u03ae\u03c3\u03b5\u03b9\u03c2)<em>: <\/em><a href=\"http:\/\/www.dfilippis.gr\/wp-content\/uploads\/2018\/12\/\u0397\u039c\u0395\u03a1\u0399\u0394\u0391-\u0399\u03a3\u03a0-\u03c4\u03b5\u03bb\u03b9\u03ba\u03bf-II.pdf\">\u00ab&#8221;\u0399\u03c3\u03c0\u03b1\u03bd\u03cc\u03c6\u03c9\u03bd\u03bf\u03c2 \u03ba\u03cc\u03c3\u03bc\u03bf\u03c2 \u03ba\u03b1\u03b9 \u03c0\u03bf\u03bb\u03b9\u03c4\u03b9\u03c3\u03bc\u03cc\u03c2: \u03b1\u03bd\u03b1\u03b3\u03bd\u03ce\u03c3\u03b5\u03b9\u03c2, \u03c0\u03c1\u03bf\u03c3\u03bb\u03ae\u03c8\u03b5\u03b9\u03c2 \u03ba\u03b1\u03b9 \u03c0\u03c1\u03bf\u03c4\u03ac\u03c3\u03b5\u03b9\u03c2 \u03ad\u03c1\u03b5\u03c5\u03bd\u03b1\u03c2 \u2026\u03bc\u03b5 \u03ad\u03bd\u03b1 \u00a0\u03c4\u03ac\u03bd\u03b3\u03ba\u03bf&#8221;:\u0397\u03bc\u03b5\u03c1\u03af\u03b4\u03b1,\u00a0 \u00a0 \u00a0\u0392\u03b9\u03b2\u03bb\u03b9\u03bf\u03b8\u03ae\u03ba\u03b7 \u0395\u0391\u03a0, \u0393\u03c1\u03b1\u03b2\u03b9\u03ac\u03c2 4-6, \u0391\u03b8\u03ae\u03bd\u03b1.\u03a0\u03b1\u03c1\u03b1\u03c3\u03ba\u03b5\u03c5\u03ae 30-11-2018.<\/a><\/p>\n<p><em>\u2192\u00a0<\/em> <em>\u03a3\u03c5\u03bd\u03ad\u03b4\u03c1\u03b9\u03bf\u00a0 <\/em>(\u03b4\u03b9\u03bf\u03c1\u03b3\u03ac\u03bd\u03c9\u03c3\u03b7 \u03ba\u03b1\u03b9 \u03b5\u03b9\u03c3\u03ae\u03b3\u03b7\u03c3\u03b7): <em><a href=\"http:\/\/www.dfilippis.gr\/wp-content\/uploads\/2019\/05\/Congreso-guerra-civil.pdf\">Congreso Internacional: 80 a\u00f1os de la Guerra Civil espa\u00f1ola-Homenaje a E. Malefakis. Atenas 4-6 de abril 2019.<\/a><\/em><\/p>\n<p><em>\u2192 \u0395\u03b9\u03c3\u03ae\u03b3\u03b7\u03c3\u03b7 \u03c3\u03b5<\/em> \u03a3\u03c5\u03bd\u03ad\u03b4\u03c1\u03b9\u03bf: <em><a href=\"http:\/\/www.dfilippis.gr\/wp-content\/uploads\/2019\/05\/Tri\u0301ptico-Novela-Barbastro.pdf\">Congreso Internacional: 50 a\u00f1os de novela espa\u00f1ola. Barbastro 2-4 de mayo 2019<\/a><\/em><\/p>\n<p><em>\u2192<\/em> <em>\u0397\u03bc\u03b5\u03c1\u03af\u03b4\u03b1 <\/em>(\u03c3\u03c5\u03bd\u03b4\u03b9\u03bf\u03c1\u03b3\u03ac\u03bd\u03c9\u03c3\u03b7 \u03ba\u03b1\u03b9 \u03b5\u03b9\u03c3\u03ae\u03b3\u03b7\u03c3\u03b7).: Jornada<em> dedicada a Elefcerios Venizelos. Fundacion Pastor, <\/em>Madrid, 2-12-2020. \u0397\u03bc\u03b5\u03c1\u03af\u03b4\u03b1 \u03b3\u03b9\u03b1 \u03c4\u03bf\u03bd \u0395\u03bb. \u0392\u03b5\u03bd\u03b9\u03b6\u03ad\u03bb\u03bf.: Hellenic Open University (EAP), Universidad Aut\u00f3noma de Madrid (UAM), Embajada de Grecia en Madrid, Fundacu\u00f3n Pastor. Intervienen:\u00a0 Irene Mart\u00edn y Alicia Villar Lecumberri (UAM), Dimitris Filipp\u00eds (EAP), Pedro \u00c1lvarez de Frutos, historiador.<\/p>\n<p>\u2192 \u0392\u0399\u0392\u039b\u0399\u039f: \u0394\u03b7\u03bc\u03ae\u03c4\u03c1\u03b7\u03c2 \u0395. \u03a6\u03b9\u03bb\u03b9\u03c0\u03c0\u03ae\u03c2, <em>\u0399\u03c3\u03c0\u03b1\u03bd\u03b9\u03ba\u03cc\u03c2 \u0395\u03bc\u03c6\u03cd\u03bb\u03b9\u03bf\u03c2 (1936-39).\u00a0 \u0394\u03b9\u03c7\u03cc\u03bd\u03bf\u03b9\u03b1, \u03b4\u03b9\u03b1\u03af\u03c1\u03b5\u03c3\u03b7 \u03ba\u03b1\u03b9 \u03b4\u03b9\u03c7\u03b1\u03c3\u03bc\u03cc\u03c2 \u03c3\u03c4\u03b7\u03bd \u0399\u03c3\u03c0\u03b1\u03bd\u03af\u03b1 \u03c4\u03bf\u03c5 2o\u03bf\u03c5 \u03b1\u03b9\u03ce\u03bd\u03b1.\u00a0 \u0392\u03b9\u03b2\u03bb\u03b9\u03bf\u03c0\u03c9\u03bb\u03b5\u03af\u03bf\u03bd \u03c4\u03b7\u03c2 \u0395\u03c3\u03c4\u03af\u03b1\u03c2, \u0391\u03b8\u03ae\u03bd\u03b1 2020.<\/em><\/p>\n<p>\u2192 \u03a0\u0395\u03a1\u0399\u039f\u0394\u0399\u039a\u039f\u00a0 (\u03c5\u03c0\u03b5\u03cd\u03b8\u03c5\u03bd\u03bf\u03c2 \u03ad\u03ba\u03b4\u03bf\u03c3\u03b7\u03c2): <em>\u03a4ribuna Abierta de Estudios Hispano-Helenos,\u00a0<\/em> \u03c4\u03c7. \u0391\u00a0 (2019) .<\/p>\n<p>\u2192 \u03a0\u0395\u03a1\u0399\u039f\u0394\u0399\u039a\u039f\u00a0 (\u03c5\u03c0\u03b5\u03cd\u03b8\u03c5\u03bd\u03bf\u03c2 \u03ad\u03ba\u03b4\u03bf\u03c3\u03b7\u03c2): <em>\u03a4ribuna Abierta de Estudios Hispano-Helenos,\u00a0<\/em> \u03c4\u03c7. \u0392\u0384(2020) .<\/p>\n<p>\u2192\u00a0 <em>\u0395\u03b9\u03c3\u03ae\u03b3\u03b7\u03c3\u03b7 \u03c3\u03b5 \u0394\u03b9\u03b5\u03b8\u03bd\u03ad\u03c2 \u03a3\u03b5\u03bc\u03b9\u03bd\u03ac\u03c1\u03b9\u03bf<\/em>: &#8220;Intelectuales espa\u00f1oles y griegos exiliados en Par\u00eds, 1940-1975&#8221;.\u00a0\u00a0<em> Europa nost\u00e1lgica: I Seminario internacional sobre\u00a0 el estudio de las literaturas transicionales europeas&#8221;.\u00a0<\/em> Instituto &#8220;Fernando el Cat\u00f3lico&#8221; (CSIC), Zaragoza, 16 y 17 de diciembre 2020.<\/p>\n<p>&nbsp;<\/p>","protected":false},"excerpt":{"rendered":"<p>&nbsp; \u2192\u00a0 \u0395\u03b9\u03c3\u03ae\u03b3\u03b7\u03c3\u03b7 \u03c3\u03b5 \u0397\u03bc\u03b5\u03c1\u03af\u03b4\u03b1:\u00a0&#8220;\u03a4\u03bf \u03bc\u03c0\u03b1\u03c1\u03cc\u03ba \u03b1\u03bd\u03c4\u03b9\u03bb\u03b5\u03be\u03b9\u03ba\u03cc \u03c4\u03b7\u03c2 \u0399\u03c3\u03c0\u03b1\u03bd\u03bf\u03c3\u03cd\u03bd\u03b7\u03c2-\u03b9\u03c0\u03c0\u03bf\u03c3\u03cd\u03bd\u03b7, \u03b5\u03c0\u03b9\u03c3\u03c4\u03b7\u03bc\u03bf\u03c3\u03cd\u03bd\u03b7, \u03bb\u03bf\u03b3\u03b9\u03bf\u03c3\u03cd\u03bd\u03b7 \u03c3\u03c4\u03bf\u03bd \u0394\u03bf\u03bd \u039a\u03b9\u03c7\u03ce\u03c4\u03b7&#8221;:\u00a0 2nd International Workshop of Science and Literature- \u201cBeyond Nature in Science and Literature\u201d\u00a0-\u0395\u03bb\u03bb\u03b7\u03bd\u03b9\u03ba\u03cc \u0391\u03bd\u03bf\u03b9\u03ba\u03c4\u03cc \u03a0\u03b1\u03bd\u03b5\u03c0\u03b9\u03c3\u03c4\u03ae\u03bc\u03b9\u03bf-\u03a3\u03b5\u03bc\u03b9\u03bd\u03ac\u03c1\u03b9\u03b1 \u03c4\u03b7\u03c2 \u03a3\u03cd\u03c1\u03bf\u03c5, 5-7 \u0399\u03bf\u03c5\u03bb\u03af\u03bf\u03c5 2017. \u2192\u0395\u03b9\u03c3\u03ae\u03b3\u03b7\u03c3\u03b7 \u03c3\u03b5 \u0397\u03bc\u03b5\u03c1\u03af\u03b4\u03b1: &#8220;\u0397 \u0399\u03c3\u03c0\u03b1\u03bd\u03af\u03b1 \u03c3\u03c4\u03bf\u03c5\u03c2 \u03c0\u03c1\u03ce\u03b9\u03bc\u03bf\u03c5\u03c2 \u03bd\u03ad\u03bf\u03c5\u03c2 \u03c7\u03c1\u03cc\u03bd\u03bf\u03c5\u03c2-\u03c0\u03b1\u03c1\u03ac\u03bb\u03bb\u03b7\u03bb\u03bf \u03ba\u03b5\u03af\u03bc\u03b5\u03bd\u03bf \u03b1\u03bd\u03b1\u03ba\u03b5\u03c6\u03b1\u03bb\u03b1\u03af\u03c9\u03c3\u03b7\u03c2 \u03ba\u03b1\u03b9 \u03b4\u03c1\u03b1\u03c3\u03c4\u03b7\u03c1\u03b9\u03cc\u03c4\u03b7\u03c4\u03b5\u03c2 \u03b5\u03bc\u03c0\u03ad\u03b4\u03c9\u03c3\u03b7\u03c2&#8221;,\u00a0 \u03a3\u03c5\u03bd\u03ad\u03b4\u03c1\u03b9\u03bf-\u0391\u03c6\u03b9\u03ad\u03c1\u03c9\u03bc\u03b1 \u03c3\u03c4\u03b1&#8230;<\/p>\n<p> <a class=\"continue-reading-link\" href=\"https:\/\/www.dfilippis.gr\/en\/%cf%80%cf%81%cf%8c%cf%83%cf%86%ce%b1%cf%84%ce%b1\/\"><span>Continue reading<\/span><i class=\"crycon-right-dir\"><\/i><\/a> <\/p>\n","protected":false},"author":2,"featured_media":0,"parent":0,"menu_order":0,"comment_status":"closed","ping_status":"closed","template":"","meta":{"footnotes":""},"_links":{"self":[{"href":"https:\/\/www.dfilippis.gr\/en\/wp-json\/wp\/v2\/pages\/539"}],"collection":[{"href":"https:\/\/www.dfilippis.gr\/en\/wp-json\/wp\/v2\/pages"}],"about":[{"href":"https:\/\/www.dfilippis.gr\/en\/wp-json\/wp\/v2\/types\/page"}],"author":[{"embeddable":true,"href":"https:\/\/www.dfilippis.gr\/en\/wp-json\/wp\/v2\/users\/2"}],"replies":[{"embeddable":true,"href":"https:\/\/www.dfilippis.gr\/en\/wp-json\/wp\/v2\/comments?post=539"}],"version-history":[{"count":41,"href":"https:\/\/www.dfilippis.gr\/en\/wp-json\/wp\/v2\/pages\/539\/revisions"}],"predecessor-version":[{"id":1044,"href":"https:\/\/www.dfilippis.gr\/en\/wp-json\/wp\/v2\/pages\/539\/revisions\/1044"}],"wp:attachment":[{"href":"https:\/\/www.dfilippis.gr\/en\/wp-json\/wp\/v2\/media?parent=539"}],"curies":[{"name":"wp","href":"https:\/\/api.w.org\/{rel}","templated":true}]}}