{"id":55,"date":"2015-06-16T14:35:17","date_gmt":"2015-06-16T14:35:17","guid":{"rendered":"http:\/\/www.dfilippis.gr\/?page_id=55"},"modified":"2021-02-09T13:43:16","modified_gmt":"2021-02-09T11:43:16","slug":"lectures","status":"publish","type":"page","link":"https:\/\/www.dfilippis.gr\/en\/other\/lectures\/","title":{"rendered":"Lectures"},"content":{"rendered":"<p><\/p>\n<h1><strong>\u0394\u03b9\u03b1\u03bb\u03ad\u03be\u03b5\u03b9\u03c2 \u03c3\u03b5 \u03c0\u03bf\u03bb\u03b9\u03c4\u03b9\u03c3\u03c4\u03b9\u03ba\u03ad\u03c2 \u03b5\u03ba\u03b4\u03b7\u03bb\u03ce\u03c3\u03b5\u03b9\u03c2 \u03c6\u03bf\u03c1\u03ad\u03c9\u03bd<\/strong><\/h1>\n<p>\u2192 \u00ab\u0397 \u0399\u03c3\u03c0\u03b1\u03bd\u03b9\u03ba\u03ae \u03b3\u03bb\u03ce\u03c3\u03c3\u03b1 \u03c4\u03c9\u03bd \u0395\u03b2\u03c1\u03b1\u03af\u03c9\u03bd \u03c4\u03b7\u03c2 \u0398\u03b5\u03c3\u03c3\u03b1\u03bb\u03bf\u03bd\u03af\u03ba\u03b7\u03c2\u00bb, \u03b4\u03b9\u03ac\u03bb\u03b5\u03be\u03b7 \u03c3\u03c4\u03b1 \u03c0\u03bb\u03b1\u03af\u03c3\u03b9\u03b1 \u03c4\u03c9\u03bd \u03b5\u03ba\u03b4\u03b7\u03bb\u03ce\u03c3\u03b5\u03c9\u03bd <em>Sefarad<\/em><em>&#8211;<\/em><em>Sefarad<\/em><em>\u201892<\/em> \u03c3\u03c4\u03b7\u03bd \u0391\u03af\u03b8\u03bf\u03c5\u03c3\u03b1 \u0395\u03ba\u03b4\u03b7\u03bb\u03ce\u03c3\u03b5\u03c9\u03bd \u03c4\u03b7\u03c2 \u0399\u03c3\u03c1\u03b1\u03b7\u03bb\u03b9\u03c4\u03b9\u03ba\u03ae\u03c2\u00a0 \u039a\u03bf\u03b9\u03bd\u03cc\u03c4\u03b7\u03c4\u03b1\u03c2 \u0398\u03b5\u03c3\u03c3\u03b1\u03bb\u03bf\u03bd\u03af\u03ba\u03b7\u03c2, \u0398\u03b5\u03c3\u03c3\u03b1\u03bb\u03bf\u03bd\u03af\u03ba\u03b7 19 -2-1990.<\/p>\n<table border=\"0\" width=\"450\" align=\"center\">\n<tbody>\n<tr>\n<td><img decoding=\"async\" loading=\"lazy\" src=\"http:\/\/dfilippis.gr\/images\/img001.jpg\" alt=\"\" width=\"450\" height=\"238\" \/><\/td>\n<\/tr>\n<\/tbody>\n<\/table>\n<p>\u2192 \u00abRa\u00edces y tradiciones de los Sefard\u00edes de Sal\u00f3nica-\u0399\u03c3\u03c0\u03b1\u03bd\u03b9\u03ba\u03ad\u03c2 \u03c1\u03af\u03b6\u03b5\u03c2 \u03ba\u03b1\u03b9 \u03c0\u03b1\u03c1\u03b1\u03b4\u03cc\u03c3\u03b5\u03b9\u03c2 \u03c4\u03c9\u03bd \u0395\u03b2\u03c1\u03b1\u03af\u03c9\u03bd \u03c4\u03b7\u03c2 \u0398\u03b5\u03c3\u03c3\u03b1\u03bb\u03bf\u03bd\u03af\u03ba\u03b7\u03c2\u00bb, \u03b4\u03b9\u03ac\u03bb\u03b5\u03be\u03b7 (\u03c3\u03c4\u03b1 \u03b9\u03c3\u03c0\u03b1\u03bd\u03b9\u03ba\u03ac) \u03c3\u03c4\u03bf \u03c0\u03bb\u03b1\u03af\u03c3\u03b9\u03bf \u03c4\u03c9\u03bd \u03b5\u03c1\u03b3\u03b1\u03c3\u03b9\u03ce\u03bd \u03c4\u03b7\u03c2 <em>4\u03b7\u03c2 \u0395\u03b2\u03b4\u03bf\u03bc\u03ac\u03b4\u03b1\u03c2 \u0398\u03b5\u03c1\u03b2\u03ac\u03bd\u03c4\u03b5\u03c2<\/em>, \u03c0\u03bf\u03c5 \u03b4\u03b9\u03bf\u03c1\u03b3\u03ac\u03bd\u03c9\u03c3\u03b1\u03bd \u03b7 \u03a0\u03c1\u03b5\u03c3\u03b2\u03b5\u03af\u03b1 \u03c4\u03bf\u03c5 \u039c\u03b5\u03be\u03b9\u03ba\u03bf\u03cd, \u03c4\u03bf \u039c\u03bf\u03c1\u03c6\u03c9\u03c4\u03b9\u03ba\u03cc \u0399\u03c3\u03c0\u03b1\u03bd\u03b9\u03ba\u03cc \u038a\u03b4\u03c1\u03c5\u03bc\u03b1 \u03ba\u03b1\u03b9 \u03b7 \u0395\u03c4\u03b1\u03b9\u03c1\u03b5\u03af\u03b1 \u0399\u03c3\u03c0\u03b1\u03bd\u03b9\u03ba\u03ce\u03bd \u03a3\u03c0\u03bf\u03c5\u03b4\u03ce\u03bd- Miguel de Cervantes, 12-14 \u039c\u03b1\u0390\u03bf\u03c5 1992, \u03c3\u03c4\u03b7\u03bd \u0391\u03b8\u03ae\u03bd\u03b1 (\u0399\u03bd\u03c3\u03c4\u03b9\u03c4\u03bf\u03cd\u03c4\u03bf \u0398\u03b5\u03c1\u03b2\u03ac\u03bd\u03c4\u03b5\u03c2).<\/p>\n<p>\u2192 \u00abBolivar y Grecia-\u039c\u03c0\u03bf\u03bb\u03b9\u03b2\u03ac\u03c1 \u03ba\u03b1\u03b9 \u0395\u03bb\u03bb\u03ac\u03b4\u03b1\u00bb \u03b4\u03b9\u03ac\u03bb\u03b5\u03be\u03b7 (\u03c3\u03c4\u03b1 \u03b9\u03c3\u03c0\u03b1\u03bd\u03b9\u03ba\u03ac) \u03c3\u03b5 \u03b7\u03bc\u03b5\u03c1\u03af\u03b4\u03b1 \u03b3\u03b9\u03b1 \u03c4\u03bf\u03bd \u039c\u03c0\u03bf\u03bb\u03af\u03b2\u03b1\u03c1 \u03c0\u03bf\u03c5 \u03b4\u03b9\u03bf\u03c1\u03b3\u03ac\u03bd\u03c9\u03c3\u03b5 \u03c4\u03bf \u0399\u03bd\u03c3\u03c4\u03b9\u03c4\u03bf\u03cd\u03c4\u03bf \u0398\u03b5\u03c1\u03b2\u03ac\u03bd\u03c4\u03b5\u03c2 \u03c3\u03c4\u03b9\u03c2 2 \u039d\u03bf\u03b5\u03bc\u03b2\u03c1\u03af\u03bf\u03c5 \u03c4\u03bf\u03c5 2001.<\/p>\n<p>\u2192 \u00ab\u0397 \u03c0\u03bf\u03c1\u03b5\u03af\u03b1 \u03c4\u03c9\u03bd \u03b5\u03bb\u03bb\u03b7\u03bd\u03bf-\u03b9\u03c4\u03b1\u03bb\u03b9\u03ba\u03ce\u03bd \u03c3\u03c7\u03ad\u03c3\u03b5\u03c9\u03bd \u03c3\u03c4\u03bf\u03bd 20\u03bf \u03b1\u03b9\u03ce\u03bd\u03b1\u00bb, \u03b4\u03b9\u03ac\u03bb\u03b5\u03be\u03b7 \u03c3\u03c4\u03bf\u00a0 <em>1\u03bf \u03c3\u03c5\u03bd\u03ad\u03b4\u03c1\u03b9\u03bf \u03c4\u03bf\u03c5 \u03a3\u03c5\u03bb\u03bb\u03cc\u03b3\u03bf\u03c5 \u03c4\u03c9\u03bd \u0395\u03bb\u03bb\u03ae\u03bd\u03c9\u03bd \u0391\u03c0\u03bf\u03c6\u03bf\u03af\u03c4\u03c9\u03bd \u03b1\u03c0\u03cc \u03a0\u03b1\u03bd\u03b5\u03c0\u03b9\u03c3\u03c4\u03ae\u03bc\u03b9\u03b1 \u03c4\u03b7\u03c2 \u0399\u03c4\u03b1\u03bb\u03af\u03b1\u03c2<\/em>&#8211; \u039b\u03af\u03bc\u03bd\u03b7 \u03a0\u03bb\u03b1\u03c3\u03c4\u03ae\u03c1\u03b1 2-6 \u039c\u03b1\u0390\u03bf\u03c5 2002.<\/p>\n<p>\u2192 \u00ab\u039f \u0399\u03c3\u03c0\u03b1\u03bd\u03b9\u03ba\u03cc\u03c2 \u0395\u03bc\u03c6\u03cd\u03bb\u03b9\u03bf\u03c2 \u03a0\u03cc\u03bb\u03b5\u03bc\u03bf\u03c2 \u03ba\u03b1\u03b9 \u03b7 \u03c3\u03c7\u03b5\u03c4\u03b9\u03ba\u03ae \u03bb\u03bf\u03b3\u03bf\u03c4\u03b5\u03c7\u03bd\u03af\u03b1\u00bb, \u03c3\u03b5\u03b9\u03c1\u03ac\u00a0\u00a0\u00a0\u00a0\u00a0\u00a0\u00a0 \u03b4\u03b9\u03b1\u03bb\u03ad\u03be\u03b5\u03c9\u03bd \u03c3\u03c4\u03bf <em>\u0395\u039a\u0395\u039c\u0395\u039b<\/em> (\u039c\u03ac\u03b9\u03bf\u03c2 2002).<\/p>\n<table border=\"0\" width=\"450\" align=\"center\">\n<tbody>\n<tr>\n<td>\n<div align=\"center\"><img decoding=\"async\" loading=\"lazy\" src=\"http:\/\/dfilippis.gr\/images\/photo-dim3.jpg\" alt=\"\" width=\"300\" height=\"194\" \/><\/div>\n<\/td>\n<\/tr>\n<\/tbody>\n<\/table>\n<p>\u2192 \u00ab\u039f \u039b\u03cc\u03c1\u03ba\u03b1 \u03c3\u03c4\u03b7\u03bd \u03b5\u03c0\u03bf\u03c7\u03ae \u03c4\u03bf\u03c5 \u03ba\u03b1\u03b9 \u03b1\u03c1\u03b3\u03cc\u03c4\u03b5\u03c1\u03b1\u00bb, <em>\u03c4\u03c1\u03b9\u03c0\u03bb\u03ae \u03b4\u03b9\u03ac\u03bb\u03b5\u03be\u03b7<\/em> \u03c3\u03c4\u03bf <em>\u03b4\u03ae\u03bc\u03bf \u039a\u03b5\u03c1\u03b1\u03c4\u03c3\u03b9\u03bd\u03af\u03bf\u03c5<\/em> (1-12-06), \u03c3\u03c4\u03bf \u03b2\u03b9\u03b2\u03bb\u03b9\u03bf\u03c0\u03c9\u03bb\u03b5\u03af\u03bf <em>\u00ab\u03a3\u03cd\u03b3\u03c7\u03c1\u03bf\u03bd\u03b7 \u0388\u03ba\u03c6\u03c1\u03b1\u03c3\u03b7\u00bb<\/em> \u03c3\u03c4\u03b7 \u039b\u03b9\u03b2\u03b1\u03b4\u03b5\u03b9\u03ac (11-12-06) \u03ba\u03b1\u03b9 <em>\u03c4\u03bf \u03a4\u0395\u0399 \u039c\u03b5\u03c3\u03bf\u03bb\u03bf\u03b3\u03b3\u03af\u03bf\u03c5<\/em> (1-3-07). \u039f\u03c1\u03b3\u03ac\u03bd\u03c9\u03c3\u03b7, \u0395\u03c4\u03b1\u03b9\u03c1\u03b5\u03af\u03b1 \u0395\u03bb\u03bb\u03ae\u03bd\u03c9\u03bd \u0399\u03c3\u03c0\u03b1\u03bd\u03b9\u03c3\u03c4\u03ce\u03bd.<\/p>\n<p>\u2192 \u00ab1939: \u03c4\u03bf \u03c4\u03ad\u03bb\u03bf\u03c2 \u03c4\u03bf\u03c5 \u0399\u03c3\u03c0\u03b1\u03bd\u03b9\u03ba\u03bf\u03cd \u0395\u03bc\u03c6\u03c5\u03bb\u03af\u03bf\u03c5\u20262009: \u03b7 \u03c3\u03c5\u03bd\u03ad\u03c7\u03b5\u03b9\u03b1 \u03c4\u03bf\u03c5 \u03b9\u03b4\u03b5\u03bf\u03bb\u03bf\u03b3\u03b9\u03ba\u03bf\u03cd \u03c0\u03bf\u03bb\u03ad\u03bc\u03bf\u03c5. \u03a0\u03b1\u03c1\u03b1\u03bb\u03bb\u03b7\u03bb\u03b9\u03c3\u03bc\u03bf\u03af \u03c9\u03c2 \u03c0\u03c1\u03bf\u03c2 \u03c4\u03b7\u00a0 \u2018\u2018\u03b4\u03b9\u03b1\u03c7\u03b5\u03af\u03c1\u03b9\u03c3\u03b7 \u03c4\u03b7\u03c2 \u03bc\u03bd\u03ae\u03bc\u03b7\u03c2 \u03ba\u03b1\u03b9 \u03c4\u03b7\u03c2 \u03bb\u03ae\u03b8\u03b7\u03c2\u2019\u2019 \u03c3\u03b5 \u0399\u03c3\u03c0\u03b1\u03bd\u03af\u03b1 \u03ba\u03b1\u03b9 \u0395\u03bb\u03bb\u03ac\u03b4\u03b1\u00bb, \u03bf\u03bc\u03b9\u03bb\u03af\u03b1 \u03c0\u03bf\u03c5 \u03b4\u03cc\u03b8\u03b7\u03ba\u03b5 \u03c3\u03c4\u03b9\u03c2 8-2-2009, \u03c3\u03c4\u03b7 <em>\u0394\u03b7\u03bc\u03cc\u03c3\u03b9\u03b1 \u0392\u03b9\u03b2\u03bb\u03b9\u03bf\u03b8\u03ae\u03ba\u03b7 \u03a3\u03b5\u03c1\u03c1\u03ce\u03bd<\/em>, \u03c3\u03c4\u03bf \u03c0\u03bb\u03b1\u03af\u03c3\u03b9\u03bf \u03c4\u03c9\u03bd \u03b5\u03ba\u03b4\u03b7\u03bb\u03ce\u03c3\u03b5\u03c9\u03bd \u00ab\u0395\u03bb\u03bb\u03ac\u03b4\u03b1-\u0399\u03c3\u03c0\u03b1\u03bd\u03af\u03b1: \u03a0\u03b1\u03c1\u03ac\u03bb\u03bb\u03b7\u03bb\u03b5\u03c2 \u03c3\u03c7\u03ad\u03c3\u03b5\u03b9\u03c2 \u0399\u03c3\u03c4\u03bf\u03c1\u03af\u03b1\u03c2 \u03ba\u03b1\u03b9 \u03a0\u03bf\u03bb\u03b9\u03c4\u03b9\u03c3\u03bc\u03bf\u03cd\u00bb.<img decoding=\"async\" loading=\"lazy\" class=\"alignright\" src=\"http:\/\/dfilippis.gr\/images\/photo-dim1.jpg\" alt=\"\" width=\"450\" height=\"187\" \/><\/p>\n<p>\u2192\u00ab\u0397 \u03b5\u03bb\u03bb\u03b7\u03bd\u03b9\u03ba\u03ae \u03b5\u03c0\u03af\u03b4\u03c1\u03b1\u03c3\u03b7 \u03c3\u03c4\u03b7\u03bd \u03b9\u03b2\u03b7\u03c1\u03bf\u03b1\u03bc\u03b5\u03c1\u03b9\u03ba\u03b1\u03bd\u03b9\u03ba\u03ae \u03bb\u03bf\u03b3\u03bf\u03c4\u03b5\u03c7\u03bd\u03af\u03b1\u00bb,\u00a0<em>LEA-4\u03bf \u03a6\u03b5\u03c3\u03c4\u03b9\u03b2\u03ac\u03bb \u0399\u03b2\u03b7\u03c1\u03bf\u03b1\u03bc\u03b5\u03c1\u03b9\u03ba\u03b1\u03bd\u03b9\u03ba\u03ae\u03c2 \u039b\u03bf\u03b3\u03bf\u03c4\u03b5\u03c7\u03bd\u03af\u03b1\u03c2<\/em>. 13-6-2012, \u03b1\u03bd\u03b1\u03ba\u03bf\u03af\u03bd\u03c9\u03c3\u03b7-\u03c3\u03c4\u03c1\u03bf\u03b3\u03b3\u03c5\u03bb\u03cc \u03c4\u03c1\u03b1\u03c0\u03ad\u03b6\u03b9 \u03bc\u03b5 \u03c4\u03bf\u03c5\u03c2 \u039a. \u03a0\u03b1\u03bb\u03b1\u03b9\u03bf\u03bb\u03cc\u03b3\u03bf, \u03a3. \u03a0\u03ac\u03bd\u03c4\u03bf\u03c5, \u039d. \u03a0\u03c1\u03b1\u03c4\u03c3\u03af\u03bd\u03b7.\u00a0<a href=\"http:\/\/www.ispania.gr\/eidhseis\/politistikes\/3709-2012-06-19-16-03-11\">http:\/\/www.ispania.gr\/eidhseis\/politistikes\/3709-2012-06-19-16-03-11<\/a><\/p>\n<p>\u2192 \u00abEspa\u00f1a no es Grecia III-Conferencia sobre la transici\u00f3n en Grecia\u00bb. Universidad de Zaragoza, 10 de marzo 2015. \u0394\u03b9\u03ac\u03bb\u03b5\u03be\u03b7-\u03bc\u03b1\u03b8\u03ae\u03bc\u03b1\u03c4\u03b1 \u03c3\u03c4\u03bf \u03c0\u03bb\u03b1\u03af\u03c3\u03b9\u03bf \u03c4\u03bf\u03c5 \u03a0\u03c1\u03bf\u03b3\u03c1\u03ac\u03bc\u03bc\u03b1\u03c4\u03bf\u03c2 Erasmus,\u00a0<a href=\"https:\/\/www.youtube.com\/watch?v=63I24G-uB8w\">https:\/\/www.youtube.com\/watch?v=63I24G-uB8w<\/a><\/p>\n<p>\u2192 \u00ab\u039f \u0399\u03c3\u03c0\u03b1\u03bd\u03b9\u03ba\u03cc\u03c2 \u03ba\u03b1\u03b9 \u03bf \u0395\u03bb\u03bb\u03b7\u03bd\u03b9\u03ba\u03cc\u03c2 \u0395\u03bc\u03c6\u03cd\u03bb\u03b9\u03bf\u03c2 \u03a0\u03cc\u03bb\u03b5\u03bc\u03bf\u03c2\u00bb. \u0394\u03b9\u03ac\u03bb\u03b5\u03be\u03b7\u00a0\u03c3\u03b5 \u03bc\u03b5\u03c4\u03b1\u03c0\u03c4\u03c5\u03c7\u03b9\u03b1\u03ba\u03cc \u03c3\u03b5\u03bc\u03b9\u03bd\u03ac\u03c1\u03b9\u03bf &#8211; \u03a4\u03bc\u03ae\u03bc\u03b1 \u0399\u03c3\u03c4\u03bf\u03c1\u03af\u03b1\u03c2 \u03ba\u03b1\u03b9 \u0391\u03c1\u03c7\u03b1\u03b9\u03bf\u03bb\u03bf\u03b3\u03af\u03b1\u03c2\u00a0 \u0391\u03a0\u0398 (\u03c5\u03c0\u03b5\u03cd\u03b8\u03c5\u03bd\u03bf\u03b9 \u03ba\u03b1\u03b8. \u0391\u03b8. \u03a3\u03c6\u03ae\u03ba\u03b1\u03c2 \u03ba\u03b1\u03b9 \u039b\u03bf\u03c5\u03ba\u03b9\u03b1\u03bd\u03cc\u03c2 \u03a7\u03b1\u03c3\u03b9\u03ce\u03c4\u03b7\u03c2). 11 \u03a6\u03b5\u03b2\u03c1\u03bf\u03c5\u03b1\u03c1\u03af\u03bf\u03c5 2016.<\/p>\n<p>\u2192&#8221;\u0395spa\u00f1a y Grecia en los siglos XIX y XX&#8221;, &#8220;Una aproximaci\u00f3n a la Grecia del siglo XX a trav\u00e9s de los documentos diplom\u00e1ticos espa\u00f1oles&#8221;: 18-23 \u0391\u03c0\u03c1\u03b9\u03bb\u03af\u03bf\u03c5 2018, \u03b4\u03b9\u03ac\u03bb\u03b5\u03be\u03b7 \u03ba\u03b1\u03b9 \u03bc\u03b1\u03b8\u03ae\u03bc\u03b1\u03c4\u03b1 \u03c3\u03c4\u03bf \u03a0\u03b1\u03bd\u03b5\u03c0\u03b9\u03c3\u03c4\u03ae\u03bc\u03b9\u03bf \u03c4\u03b7\u03c2 \u0393\u03c1\u03b1\u03bd\u03ac\u03b4\u03b1\u03c2 \u03ba\u03b1\u03b9 \u03c3\u03c4\u03bf Centro de Estudios Bizantinos, Neogriegos y Chipriotas- \u039a\u03ad\u03bd\u03c4\u03c1\u03bf \u0392\u03c5\u03b6\u03b1\u03bd\u03c4\u03b9\u03bd\u03ce\u03bd \u039d\u03b5\u03bf\u03bb\u03bb\u03b7\u03bd\u03b9\u03ba\u03ce\u03bd \u03ba\u03b1\u03b9 \u039a\u03c5\u03c0\u03c1\u03b9\u03b1\u03ba\u03ce\u03bd \u03a3\u03c0\u03bf\u03c5\u03b4\u03ce\u03bd&#8217;-Granada.<\/p>\n<p><strong>\u2192 \u0399\u03c3\u03c0\u03b1\u03bd\u03b9\u03ba\u03ac \u03a4\u03c1\u03b1\u03b3\u03bf\u03cd\u03b4\u03b9\u03b1 \u03c4\u03b7\u03c2 \u03b5\u03be\u03bf\u03c1\u03af\u03b1\u03c2, \u03c4\u03b7\u03c2 \u03a0\u03c1\u03bf\u03c3\u03c6\u03c5\u03b3\u03b9\u03ac\u03c2, \u03c4\u03b7\u03c2 \u039c\u03b5\u03c4\u03b1\u03bd\u03ac\u03c3\u03c4\u03b5\u03c5\u03c3\u03b7\u03c2, \u03bc\u03bf\u03c5\u03c3\u03b9\u03ba\u03ae \u03b5\u03ba\u03b4\u03ae\u03bb\u03c9\u03c3\u03b7 \u03c3\u03c4\u03b7 \u0392\u03b9\u03b2\u03bb\u03b9\u03bf\u03b8\u03ae\u03ba\u03b7 \u03c4\u03bf\u03c5 \u0395\u0391\u03a0,\u00a0 \u03a0<a href=\"http:\/\/www.dfilippis.gr\/wp-content\/uploads\/2018\/08\/IMG_4791.jpg\"><img decoding=\"async\" loading=\"lazy\" class=\"size-thumbnail wp-image-600 alignright\" src=\"http:\/\/www.dfilippis.gr\/wp-content\/uploads\/2018\/08\/IMG_4791-150x150.jpg\" alt=\"\" width=\"150\" height=\"150\" \/><\/a>\u03ac\u03c4\u03c1\u03b1, 15-12-17, \u0391\u03b8\u03ae\u03bd\u03b1\u00a0 2-3-18 (\u03ba\u03b1\u03b9 1-3-18, \u03ad\u03bd\u03b1 \u03bc\u03ad\u03c1\u03bf\u03c2,\u00a0 \u03c3\u03c4\u03bf \u0399\u03bd\u03c3\u03c4\u03b9\u03c4\u03bf\u03cd\u03c4\u03bf \u0398\u03b5\u03c1\u03b2\u03ac\u03bd\u03c4\u03b5\u03c2 \u03c3\u03c4\u03bf \u03c0\u03bb\u03b1\u03af\u03c3\u03b9\u03bf \u03c4\u03b7\u03c2 \u03c0\u03b1\u03c1\u03bf\u03c5\u03c3\u03af\u03b1\u03c3\u03b7\u03c2 \u03c4\u03bf\u03c5 \u03b2\u03b9\u03b2\u03bb\u03af\u03bf\u03c5, \u03a0. \u0386\u03bb\u03b2\u03b1\u03c1\u03b5\u03b8-\u0394. \u03a6\u03b9\u03bb\u03b9\u03c0\u03c0\u03ae\u03c2,\u00a0<em> \u039f \u0392\u03b5\u03bd\u03b9\u03b6\u03ad\u03bb\u03bf\u03c2 \u03ba\u03b1\u03b9 \u03b7 \u03b9\u03c3\u03c0\u03b1\u03bd\u03b9\u03ba\u03ae \u03b4\u03b9\u03c0\u03bb\u03c9\u03bc\u03b1\u03c4\u03af\u03b1).\u00a0<\/em><\/strong><\/p>\n<p><a href=\"http:\/\/www.dfilippis.gr\/wp-content\/uploads\/2018\/07\/I\u03a3\u03a0_\u03a0\u03a1\u039f\u0393_\u039d\u0395\u039f_press.pdf\"><img decoding=\"async\" loading=\"lazy\" class=\"size-large wp-image-533 alignright\" src=\"http:\/\/www.dfilippis.gr\/wp-content\/uploads\/2018\/07\/isp-eikona-1024x594.png\" alt=\"\" width=\"900\" height=\"522\" srcset=\"https:\/\/www.dfilippis.gr\/wp-content\/uploads\/2018\/07\/isp-eikona-1024x594.png 1024w, https:\/\/www.dfilippis.gr\/wp-content\/uploads\/2018\/07\/isp-eikona-300x174.png 300w, https:\/\/www.dfilippis.gr\/wp-content\/uploads\/2018\/07\/isp-eikona-768x445.png 768w, https:\/\/www.dfilippis.gr\/wp-content\/uploads\/2018\/07\/isp-eikona-150x87.png 150w, https:\/\/www.dfilippis.gr\/wp-content\/uploads\/2018\/07\/isp-eikona.png 1152w\" sizes=\"(max-width: 900px) 100vw, 900px\" \/><\/a><\/p>\n<p>&nbsp;<\/p>\n<p>&nbsp;<\/p>\n<p>&nbsp;<\/p>\n<table border=\"0\" width=\"450\" align=\"center\">\n<tbody>\n<tr>\n<td><em>\u2192<\/em>\u00a0 \u00a0&#8220;\u0399\u03c3\u03c0\u03b1\u03bd\u03b9\u03ba\u03bf\u03af \u03b5\u03be\u03cc\u03c1\u03b9\u03c3\u03c4\u03bf\u03b9 \u03c3\u03c4\u03b7 \u039b\u03b1\u03c4\u03b9\u03bd\u03b9\u03ba\u03ae \u0391\u03bc\u03b5\u03c1\u03b9\u03ba\u03ae \u03ba\u03b1\u03b9 \u03bf \u03ba\u03b9\u03bd\u03b7\u03bc\u03b1\u03c4\u03bf\u03b3\u03c1\u03ac\u03c6\u03bf\u03c2 \u03c4\u03bf\u03c5 \u0399\u03c3\u03c0\u03b1\u03bd\u03b9\u03ba\u03bf\u03cd \u0395\u03bc\u03c6\u03c5\u03bb\u03af\u03bf\u03c5-\u03c0\u03c1\u03bf\u03b2\u03bf\u03bb\u03ae \u03c4\u03b7\u03c2 \u03c4\u03b1\u03b9\u03bd\u03af\u03b1\u03c2 \u0397 \u03b3\u03bb\u03ce\u03c3\u03c3\u03b1 \u03c4\u03b7\u03c2 \u03c0\u03b5\u03c4\u03b1\u03bb\u03bf\u03cd\u03b4\u03b1\u03c2&#8221;.\u00a0 \u039c\u03ac\u03c1\u03ba\u03bf\u03c2 \u039c\u03c0\u03c1\u03cc\u03b3\u03b9\u03b5\u03c1,\u00a0\u03ba\u03b1\u03b8\u03b7\u03b3\u03b7\u03c4\u03ae\u03c2-\u0399\u03bd\u03c3\u03c4\u03b9\u03c4\u03bf\u03cd\u03c4\u03bf \u0398\u03b5\u03c1\u03b2\u03ac\u03bd\u03c4\u03b5\u03c2 \u03c4\u03b7\u03c2 \u0391\u03b8\u03ae\u03bd\u03b1\u03c2,\u00a0\u0394. \u03a6\u03b9\u03bb\u03b9\u03c0\u03c0\u03ae\u03c2-\u0392\u03b9\u03b2\u03bb\u03b9\u03bf\u03b8\u03ae\u03ba\u03b7 \u0395\u0391\u03a0, \u0393\u03c1\u03b1\u03b2\u03b9\u03ac\u03c2 4-6, \u0391\u03b8\u03ae\u03bd\u03b1. \u03a0\u03b1\u03c1\u03b1\u03c3\u03ba\u03b5\u03c5\u03ae 25-5-2018, 19.00.<\/p>\n<p><em>\u2192<\/em> \u00ab&#8221;\u0399\u03c3\u03c0\u03b1\u03bd\u03cc\u03c6\u03c9\u03bd\u03bf\u03c2 \u03ba\u03cc\u03c3\u03bc\u03bf\u03c2 \u03ba\u03b1\u03b9 \u03c0\u03bf\u03bb\u03b9\u03c4\u03b9\u03c3\u03bc\u03cc\u03c2: \u03b1\u03bd\u03b1\u03b3\u03bd\u03ce\u03c3\u03b5\u03b9\u03c2, \u03c0\u03c1\u03bf\u03c3\u03bb\u03ae\u03c8\u03b5\u03b9\u03c2 \u03ba\u03b1\u03b9 \u03c0\u03c1\u03bf\u03c4\u03ac\u03c3\u03b5\u03b9\u03c2 \u03ad\u03c1\u03b5\u03c5\u03bd\u03b1\u03c2 \u2026\u03bc\u03b5 \u03ad\u03bd\u03b1 \u00a0\u03c4\u03ac\u03bd\u03b3\u03ba\u03bf&#8221;:\u0397\u03bc\u03b5\u03c1\u03af\u03b4\u03b1,\u00a0 \u00a0 \u00a0\u0392\u03b9\u03b2\u03bb\u03b9\u03bf\u03b8\u03ae\u03ba\u03b7 \u0395\u0391\u03a0, \u0393\u03c1\u03b1\u03b2\u03b9\u03ac\u03c2 4-6, \u0391\u03b8\u03ae\u03bd\u03b1.\u03a0\u03b1\u03c1\u03b1\u03c3\u03ba\u03b5\u03c5\u03ae 30-11-2018<\/p>\n<p><a tabindex=\"-1\" href=\"http:\/\/www.dfilippis.gr\/wp-content\/uploads\/2018\/12\/%CE%97%CE%9C%CE%95%CE%A1%CE%99%CE%94%CE%91-%CE%99%CE%A3%CE%A0-%CF%84%CE%B5%CE%BB%CE%B9%CE%BA%CE%BF-II.pdf\" target=\"_blank\" rel=\"noopener noreferrer\">dfilippis.gr\/\u20262\/\u0397\u039c\u0395\u03a1\u0399\u0394\u0391-\u0399\u03a3\u03a0-\u03c4\u03b5\u03bb\u03b9\u03ba\u03bf-II.pdf<\/a><\/td>\n<\/tr>\n<tr>\n<td><\/td>\n<\/tr>\n<\/tbody>\n<\/table>\n<p><em>\u2192<\/em> <a href=\"http:\/\/www.dfilippis.gr\/wp-content\/uploads\/2018\/12\/\u0397\u039c\u0395\u03a1\u0399\u0394\u0391-\u0399\u03a3\u03a0-\u03c4\u03b5\u03bb\u03b9\u03ba\u03bf-II.pdf\">\u00ab&#8221;\u0399\u03c3\u03c0\u03b1\u03bd\u03cc\u03c6\u03c9\u03bd\u03bf\u03c2 \u03ba\u03cc\u03c3\u03bc\u03bf\u03c2 \u03ba\u03b1\u03b9 \u03c0\u03bf\u03bb\u03b9\u03c4\u03b9\u03c3\u03bc\u03cc\u03c2: \u03b1\u03bd\u03b1\u03b3\u03bd\u03ce\u03c3\u03b5\u03b9\u03c2, \u03c0\u03c1\u03bf\u03c3\u03bb\u03ae\u03c8\u03b5\u03b9\u03c2 \u03ba\u03b1\u03b9 \u03c0\u03c1\u03bf\u03c4\u03ac\u03c3\u03b5\u03b9\u03c2 \u03ad\u03c1\u03b5\u03c5\u03bd\u03b1\u03c2 \u2026\u03bc\u03b5 \u03ad\u03bd\u03b1 \u00a0\u03c4\u03ac\u03bd\u03b3\u03ba\u03bf&#8221;:\u0397\u03bc\u03b5\u03c1\u03af\u03b4\u03b1,\u00a0 \u00a0 \u00a0\u0392\u03b9\u03b2\u03bb\u03b9\u03bf\u03b8\u03ae\u03ba\u03b7 \u0395\u0391\u03a0, \u0393\u03c1\u03b1\u03b2\u03b9\u03ac\u03c2 4-6, \u0391\u03b8\u03ae\u03bd\u03b1.\u03a0\u03b1\u03c1\u03b1\u03c3\u03ba\u03b5\u03c5\u03ae 30-11-2018.<\/a><\/p>\n<p><em>\u2192 <a href=\"http:\/\/www.dfilippis.gr\/wp-content\/uploads\/2019\/05\/Congreso-guerra-civil.pdf\">Congreso Internacional: 80 a\u00f1os de la Guerra Civil espa\u00f1ola-Homenaje a E. Malefakis. Atenas 4-6 de abril 2019.<\/a><\/em><\/p>\n<p><em>\u2192 <a href=\"http:\/\/www.dfilippis.gr\/wp-content\/uploads\/2019\/05\/Tri\u0301ptico-Novela-Barbastro.pdf\">Congreso Internacional: 50 a\u00f1os de novela espa\u00f1ola. Barbastro 2-4 de mayo 2019<\/a><\/em><\/p>\n<h1><\/h1>\n<p><\/p>","protected":false},"excerpt":{"rendered":"<p>\u0394\u03b9\u03b1\u03bb\u03ad\u03be\u03b5\u03b9\u03c2 \u03c3\u03b5 \u03c0\u03bf\u03bb\u03b9\u03c4\u03b9\u03c3\u03c4\u03b9\u03ba\u03ad\u03c2 \u03b5\u03ba\u03b4\u03b7\u03bb\u03ce\u03c3\u03b5\u03b9\u03c2 \u03c6\u03bf\u03c1\u03ad\u03c9\u03bd \u2192 \u00ab\u0397 \u0399\u03c3\u03c0\u03b1\u03bd\u03b9\u03ba\u03ae \u03b3\u03bb\u03ce\u03c3\u03c3\u03b1 \u03c4\u03c9\u03bd \u0395\u03b2\u03c1\u03b1\u03af\u03c9\u03bd \u03c4\u03b7\u03c2 \u0398\u03b5\u03c3\u03c3\u03b1\u03bb\u03bf\u03bd\u03af\u03ba\u03b7\u03c2\u00bb, \u03b4\u03b9\u03ac\u03bb\u03b5\u03be\u03b7 \u03c3\u03c4\u03b1 \u03c0\u03bb\u03b1\u03af\u03c3\u03b9\u03b1 \u03c4\u03c9\u03bd \u03b5\u03ba\u03b4\u03b7\u03bb\u03ce\u03c3\u03b5\u03c9\u03bd Sefarad&#8211;Sefarad\u201892 \u03c3\u03c4\u03b7\u03bd \u0391\u03af\u03b8\u03bf\u03c5\u03c3\u03b1 \u0395\u03ba\u03b4\u03b7\u03bb\u03ce\u03c3\u03b5\u03c9\u03bd \u03c4\u03b7\u03c2 \u0399\u03c3\u03c1\u03b1\u03b7\u03bb\u03b9\u03c4\u03b9\u03ba\u03ae\u03c2\u00a0 \u039a\u03bf\u03b9\u03bd\u03cc\u03c4\u03b7\u03c4\u03b1\u03c2 \u0398\u03b5\u03c3\u03c3\u03b1\u03bb\u03bf\u03bd\u03af\u03ba\u03b7\u03c2, \u0398\u03b5\u03c3\u03c3\u03b1\u03bb\u03bf\u03bd\u03af\u03ba\u03b7 19 -2-1990. \u2192 \u00abRa\u00edces y tradiciones de los Sefard\u00edes de Sal\u00f3nica-\u0399\u03c3\u03c0\u03b1\u03bd\u03b9\u03ba\u03ad\u03c2 \u03c1\u03af\u03b6\u03b5\u03c2 \u03ba\u03b1\u03b9 \u03c0\u03b1\u03c1\u03b1\u03b4\u03cc\u03c3\u03b5\u03b9\u03c2 \u03c4\u03c9\u03bd \u0395\u03b2\u03c1\u03b1\u03af\u03c9\u03bd \u03c4\u03b7\u03c2 \u0398\u03b5\u03c3\u03c3\u03b1\u03bb\u03bf\u03bd\u03af\u03ba\u03b7\u03c2\u00bb, \u03b4\u03b9\u03ac\u03bb\u03b5\u03be\u03b7 (\u03c3\u03c4\u03b1 \u03b9\u03c3\u03c0\u03b1\u03bd\u03b9\u03ba\u03ac) \u03c3\u03c4\u03bf \u03c0\u03bb\u03b1\u03af\u03c3\u03b9\u03bf&#8230;<\/p>\n<p> <a class=\"continue-reading-link\" href=\"https:\/\/www.dfilippis.gr\/en\/other\/lectures\/\"><span>Continue reading<\/span><i class=\"crycon-right-dir\"><\/i><\/a> <\/p>\n","protected":false},"author":1,"featured_media":0,"parent":467,"menu_order":0,"comment_status":"open","ping_status":"open","template":"","meta":{"footnotes":""},"_links":{"self":[{"href":"https:\/\/www.dfilippis.gr\/en\/wp-json\/wp\/v2\/pages\/55"}],"collection":[{"href":"https:\/\/www.dfilippis.gr\/en\/wp-json\/wp\/v2\/pages"}],"about":[{"href":"https:\/\/www.dfilippis.gr\/en\/wp-json\/wp\/v2\/types\/page"}],"author":[{"embeddable":true,"href":"https:\/\/www.dfilippis.gr\/en\/wp-json\/wp\/v2\/users\/1"}],"replies":[{"embeddable":true,"href":"https:\/\/www.dfilippis.gr\/en\/wp-json\/wp\/v2\/comments?post=55"}],"version-history":[{"count":17,"href":"https:\/\/www.dfilippis.gr\/en\/wp-json\/wp\/v2\/pages\/55\/revisions"}],"predecessor-version":[{"id":945,"href":"https:\/\/www.dfilippis.gr\/en\/wp-json\/wp\/v2\/pages\/55\/revisions\/945"}],"up":[{"embeddable":true,"href":"https:\/\/www.dfilippis.gr\/en\/wp-json\/wp\/v2\/pages\/467"}],"wp:attachment":[{"href":"https:\/\/www.dfilippis.gr\/en\/wp-json\/wp\/v2\/media?parent=55"}],"curies":[{"name":"wp","href":"https:\/\/api.w.org\/{rel}","templated":true}]}}