{"id":57,"date":"2015-06-16T14:35:38","date_gmt":"2015-06-16T14:35:38","guid":{"rendered":"http:\/\/www.dfilippis.gr\/?page_id=57"},"modified":"2021-02-09T13:44:05","modified_gmt":"2021-02-09T11:44:05","slug":"conferences","status":"publish","type":"page","link":"https:\/\/www.dfilippis.gr\/en\/other\/conferences\/","title":{"rendered":"Conferences"},"content":{"rendered":"<p><em><strong><a href=\"http:\/\/www.dfilippis.gr\/wp-content\/uploads\/2015\/06\/dim.jpg\"><img decoding=\"async\" loading=\"lazy\" class=\"size-thumbnail wp-image-106 alignleft\" src=\"http:\/\/www.dfilippis.gr\/wp-content\/uploads\/2015\/06\/dim-150x150.jpg\" alt=\"\" width=\"150\" height=\"150\" srcset=\"https:\/\/www.dfilippis.gr\/wp-content\/uploads\/2015\/06\/dim-150x150.jpg 150w, https:\/\/www.dfilippis.gr\/wp-content\/uploads\/2015\/06\/dim-96x96.jpg 96w, https:\/\/www.dfilippis.gr\/wp-content\/uploads\/2015\/06\/dim-24x24.jpg 24w, https:\/\/www.dfilippis.gr\/wp-content\/uploads\/2015\/06\/dim-36x36.jpg 36w, https:\/\/www.dfilippis.gr\/wp-content\/uploads\/2015\/06\/dim-48x48.jpg 48w, https:\/\/www.dfilippis.gr\/wp-content\/uploads\/2015\/06\/dim-64x64.jpg 64w\" sizes=\"(max-width: 150px) 100vw, 150px\" \/><\/a>[\u039c\u03b5 \u03b4\u03b7\u03bc\u03bf\u03c3\u03b9\u03b5\u03c5\u03bc\u03ad\u03bd\u03b1 \u03c0\u03c1\u03b1\u03ba\u03c4\u03b9\u03ba\u03ac, \u03b2\u03bb. \u039c\u03b5\u03bb\u03ad\u03c4\u03b5\u03c2, \u03ae \u03c5\u03c0\u03cc \u03ad\u03ba\u03b4\u03bf\u03c3\u03b7]<\/strong><\/em><\/p>\n<p>\u2192 \u00ab\u0397 \u0399\u03c3\u03c0\u03b1\u03bd\u03b9\u03ba\u03ae \u0393\u03bb\u03ce\u03c3\u03c3\u03b1 \u03ba\u03b1\u03b9 \u039b\u03bf\u03b3\u03bf\u03c4\u03b5\u03c7\u03bd\u03af\u03b1 \u03c4\u03c9\u03bd \u0395\u03b2\u03c1\u03b1\u03af\u03c9\u03bd \u03c4\u03b7\u03c2 \u0398\u03b5\u03c3\u03c3\u03b1\u03bb\u03bf\u03bd\u03af\u03ba\u03b7\u03c2\u00bb, \u03b5\u03b9\u03c3\u03ae\u03b3\u03b7\u03c3\u03b7\u00a0 (\u03b5\u03bb\u03bb\u03b7\u03bd\u03b9\u03ba\u03ac-\u03b1\u03b3\u03b3\u03bb\u03b9\u03ba\u03ac) \u03b4\u03b9\u03b5\u03b8\u03bd\u03ad\u03c2 \u03b5\u03c0\u03b9\u03c3\u03c4\u03b7\u03bc\u03bf\u03bd\u03b9\u03ba\u03cc \u03c3\u03c5\u03bd\u03ad\u03b4\u03c1\u03b9\u03bf <em>\u039f\u03b9 \u0395\u03b2\u03c1\u03b1\u03ca\u03ba\u03ad\u03c2 \u039a\u03bf\u03b9\u03bd\u03cc\u03c4\u03b7\u03c4\u03b5\u03c2 \u03c4\u03b7\u03c2 \u039d\u03bf\u03c4\u03b9\u03bf\u03b1\u03bd\u03b1\u03c4\u03bf\u03bb\u03b9\u03ba\u03ae\u03c2 \u0395\u03c5\u03c1\u03ce\u03c0\u03b7\u03c2<\/em>,\u00a0 \u038a\u03b4\u03c1\u03c5\u03bc\u03b1 \u039c\u03b5\u03bb\u03b5\u03c4\u03ce\u03bd \u03a7\u03b5\u03c1\u03c3\u03bf\u03bd\u03ae\u03c3\u03bf\u03c5 \u03c4\u03bf\u03c5 \u0391\u03af\u03bc\u03bf\u03c5 \u03ba\u03b1\u03b9 \u0391.\u03a0.\u0398, \u039d\u03bf\u03ad\u03bc\u03b2\u03c1\u03b9\u03bf\u03c2 1992- \u0398\u03b5\u03c3\u03c3\u03b1\u03bb\u03bf\u03bd\u03af\u03ba\u03b7.<\/p>\n<p>\u2192 \u00abGrecia frente a la guerra civil espa\u00f1ola-\u0397 \u0395\u03bb\u03bb\u03ac\u03b4\u03b1 \u03bc\u03c0\u03c1\u03bf\u03c3\u03c4\u03ac \u03c3\u03c4\u03bf\u03bd \u0399\u03c3\u03c0\u03b1\u03bd\u03b9\u03ba\u03cc \u0395\u03bc\u03c6\u03cd\u03bb\u03b9\u03bf\u00bb,\u00a0 \u03b4\u03b9\u03b5\u03b8\u03bd\u03ad\u03c2 \u03b5\u03c0\u03b9\u03c3\u03c4\u03b7\u03bc\u03bf\u03bd\u03b9\u03ba\u03cc \u03c3\u03c5\u03bd\u03ad\u03b4\u03c1\u03b9\u03bf \u03bc<em>\u0397 \u0399\u03c3\u03c0\u03b1\u03bd\u03af\u03b1 \u03ba\u03b1\u03b9 \u03bf \u0399\u03c3\u03c0\u03b1\u03bd\u03b9\u03ba\u03cc\u03c2 \u03a0\u03bf\u03bb\u03b9\u03c4\u03b9\u03c3\u03bc\u03cc\u03c2 \u03c3\u03c4\u03b7 \u039d\u03bf\u03c4\u03b9\u03bf\u03b1\u03bd\u03b1\u03c4\u03bf\u03bb\u03b9\u03ba\u03ae \u0395\u03c5\u03c1\u03ce\u03c0\u03b7<\/em>, \u03c5\u03c0\u03bf\u03c5\u03c1\u03b3\u03b5\u03af\u03b1 \u0395\u03be\u03c9\u03c4\u03b5\u03c1\u03b9\u03ba\u03ce\u03bd \u03ba\u03b1\u03b9 \u03a0\u03bf\u03bb\u03b9\u03c4\u03b9\u03c3\u03bc\u03bf\u03cd \u03c4\u03b7\u03c2 \u0399\u03c3\u03c0\u03b1\u03bd\u03af\u03b1\u03c2, \u0399\u03c3\u03c0\u03b1\u03bd\u03b9\u03ba\u03ae \u03a0\u03c1\u03b5\u03c3\u03b2\u03b5\u03af\u03b1 \u03c3\u03c4\u03b7\u03bd \u0395\u03bb\u03bb\u03ac\u03b4\u03b1 \u03ba\u03b1\u03b9\u03b7 \u0395\u03c4\u03b1\u03b9\u03c1\u03b5\u03af\u03b1 \u0395\u03bb\u03bb\u03ae\u03bd\u03c9\u03bd \u0399\u03c3\u03c0\u03b1\u03bd\u03b9\u03c3\u03c4\u03ce\u03bd, 2-4 \u0394\u03b5\u03ba\u03b5\u03bc\u03b2\u03c1\u03af\u03bf\u03c5 1998 \u03c3\u03c4\u03b7\u03bd \u0391\u03b8\u03ae\u03bd\u03b1 (\u0391\u03af\u03b8\u03bf\u03c5\u03c3\u03b1 \u03a4\u03b5\u03bb\u03b5\u03c4\u03ce\u03bd \u03a0\u03b1\u03bd\u03b5\u03c0\u03b9\u03c3\u03c4\u03b7\u03bc\u03af\u03bf\u03c5 \u0391\u03b8\u03b7\u03bd\u03ce\u03bd).<\/p>\n<p>\u2192 \u00abDatos sobre la difusi\u00f3n de la obra cervantina en Grecia- \u0397 \u03b4\u03b9\u03ac\u03b4\u03bf\u03c3\u03b7 \u03ba\u03b1\u03b9 \u03b7 \u03c0\u03c1\u03cc\u03c3\u03bb\u03b7\u03c8\u03b7 \u03c4\u03bf\u03c5 \u03ad\u03c1\u03b3\u03bf\u03c5 \u03c4\u03bf\u03c5 \u0398\u03b5\u03c1\u03b2\u03ac\u03bd\u03c4\u03b5\u03c2 \u03c3\u03c4\u03b7\u03bd \u0395\u03bb\u03bb\u03ac\u03b4\u03b1\u00bb, \u03b4\u03b9\u03b5\u03b8\u03bd\u03ad\u03c2 \u03b5\u03c0\u03b9\u03c3\u03c4\u03b7\u03bc\u03bf\u03bd\u03b9\u03ba\u03cc \u03c3\u03c5\u03bd\u03ad\u03b4\u03c1\u03b9\u03bf <em>\u03b3\u03b9\u03b1 \u03c4\u03bf\u03bd \u0398\u03b5\u03c1\u03b2\u03ac\u03bd\u03c4\u03b5\u03c2<\/em>, \u0391sociaci\u00f3n de Cervantistas, \u039d\u03b1\u03cd\u03c0\u03b1\u03ba\u03c4\u03bf\u03c2, \u039d\u03bf\u03ad\u03bc\u03b2\u03c1\u03b9\u03bf\u03c2 2000.<\/p>\n<p>\u2192 \u00ab\u039f\u03b4\u03cc\u03c2 \u03a3\u03ba\u03bf\u03c5\u03c6\u03ac 31: \u0394\u03b9\u03c0\u03bb\u03c9\u03bc\u03b1\u03c4\u03b9\u03ba\u03cc\u03c2 \u03b9\u03c3\u03c0\u03b1\u03bd\u03b9\u03ba\u03cc\u03c2 \u03b5\u03bc\u03c6\u03cd\u03bb\u03b9\u03bf\u03c2 \u03c3\u03c4\u03b7\u03bd \u0391\u03b8\u03ae\u03bd\u03b1\u00bb,\u00a0 \u03b4\u03b9\u03b5\u03b8\u03bd\u03ae \u03c2 \u0395\u03c0\u03b9\u03c3\u03c4\u03b7\u03bc\u03bf\u03bd\u03b9\u03ba\u03ae \u0397\u03bc\u03b5\u03c1\u03af\u03b4\u03b1 <em>1936:\u0395\u03bb\u03bb\u03ac\u03b4\u03b1-\u0399\u03c3\u03c0\u03b1\u03bd\u03af\u03b1<\/em>, \u03a4\u03bc\u03ae\u03bc\u03b1 \u03a0\u03bf\u03bb\u03b9\u03c4\u03b9\u03ba\u03ae\u03c2 \u0395\u03c0\u03b9\u03c3\u03c4\u03ae\u03bc\u03b7\u03c2 \u03ba\u03b1\u03b9 \u0399\u03c3\u03c4\u03bf\u03c1\u03af\u03b1\u03c2- \u03a0\u03ac\u03bd\u03c4\u03b5\u03b9\u03bf \u03a0\u03b1\u03bd\u03b5\u03c0\u03b9\u03c3\u03c4\u03ae\u03bc\u03b9\u03bf &#8211; \u0399\u03bd\u03c3\u03c4\u03b9\u03c4\u03bf\u03cd\u03c4\u03bf \u0398\u03b5\u03c1\u03b2\u03ac\u03bd\u03c4\u03b5\u03c2, \u03a0\u03ac\u03bd\u03c4\u03b5\u03b9\u03bf, 19 \u039c\u03b1\u03ca\u03bf\u03c5 2006 (\u03b4\u03b9\u03bf\u03c1\u03b3\u03ac\u03bd\u03c9\u03c3\u03b7 \u03a3\u03c5\u03bd\u03b5\u03b4\u03c1\u03af\u03bf\u03c5).<\/p>\n<p>\u2192 \u00ab\u03a4\u03b1 \u03b9\u03c4\u03b1\u03bb\u03bf-\u03b9\u03c3\u03c0\u03b1\u03bd\u03b9\u03ba\u03ac \u03c4\u03b7\u03c2 \u0398\u03b5\u03c3\u03c3\u03b1\u03bb\u03bf\u03bd\u03af\u03ba\u03b7\u03c2 \u03ba\u03b1\u03b9 \u03b7 \u03bc\u03b7 \u03af\u03b4\u03c1\u03c5\u03c3\u03b7 \u03ad\u03b4\u03c1\u03b1\u03c2 \u0399\u03c3\u03c0\u03b1\u03bd\u03b9\u03ba\u03ae\u03c2 \u0393\u03bb\u03ce\u03c3\u03c3\u03b1\u03c2 \u03c3\u03c4\u03b7 \u0398\u03b5\u03c3\u03c3\u03b1\u03bb\u03bf\u03bd\u03af\u03ba\u03b7 \u03c4\u03bf\u03c5 1930\u00bb.\u0397\u03bc\u03b5\u03c1\u03af\u03b4\u03b1 <em>\u03b3\u03b9\u03b1 \u03c4\u03b7 \u03b4\u03b9\u03b4\u03b1\u03c3\u03ba\u03b1\u03bb\u03af\u03b1 \u03c4\u03b7\u03c2 \u0399\u03c3\u03c0\u03b1\u03bd\u03b9\u03ba\u03ae\u03c2-\u0399\u03c4\u03b1\u03bb\u03b9\u03ba\u03ae\u03c2 \u03ba\u03b1\u03b9 \u0393\u03b5\u03c1\u03bc\u03b1\u03bd\u03b9\u03ba\u03ae\u03c2 \u03b3\u03bb\u03ce\u03c3\u03c3\u03b1\u03c2,\u00a0<\/em>\u0394\u03b9\u03b4\u03b1\u03c3\u03ba\u03b1\u03bb\u03b5\u03af\u03bf \u039e\u03ad\u03bd\u03c9\u03bd \u0393\u03bb\u03c9\u03c3\u03c3\u03ce\u03bd, \u039a\u03b1\u03c0\u03bf\u03b4\u03b9\u03c3\u03c4\u03c1\u03b9\u03b1\u03ba\u03cc \u03a0\u03b1\u03bd\u03b5\u03c0\u03b9\u03c3\u03c4\u03ae\u03bc\u03b9\u03bf \u0391\u03b8\u03b7\u03bd\u03ce\u03bd &#8211; \u039c\u03ac\u03b9\u03bf\u03c2 2004.<\/p>\n<p>\u2192 \u00ab\u039c\u03b5\u03bb\u03b1\u03bd\u03bf\u03c7\u03af\u03c4\u03c9\u03bd\u03b5\u03c2 \u03c3\u03c4\u03b1\u03c5\u03c1\u03bf\u03c6\u03cc\u03c1\u03bf\u03b9 \u03c3\u03c4\u03b7 \u039c\u03b5\u03c3\u03cc\u03b3\u03b5\u03b9\u03bf. \u2018\u2018\u0395\u03b8\u03bd\u03b9\u03ba\u03ae \u03ba\u03b1\u03b9 \u03b7\u03b8\u03b9\u03ba\u03ae \u03b1\u03b3\u03c9\u03b3\u03ae\u2019\u2019 \u03c4\u03bf\u03c5 \u03c6\u03b1\u03c3\u03b9\u03c3\u03c4\u03b9\u03ba\u03bf\u03cd \u039d\u03ad\u03bf\u03c5 \u039a\u03c1\u03ac\u03c4\u03bf\u03c5\u03c2: \u0399\u03c3\u03c0\u03b1\u03bd\u03af\u03b1-\u0395\u03bb\u03bb\u03ac\u03b4\u03b1 \u03ba\u03b1\u03b9 \u0399\u03c4\u03b1\u03bb\u03af\u03b1\/Cruzados de camisas negras por el Mediterr\u00e1neo. \u201cEducaci\u00f3n nacional y \u00e9tica\u2019\u2019 del Estado Nuevo fascista: Espa\u00f1a-Grecia e Italia\u00bb. \u03a3\u03c5\u03bd\u03ad\u03b4\u03c1\u03b9\u03bf,\u00a0<em>\u0397\u00a0<\/em><em>\u0395\u03ba\u03c0\u03b1\u03af\u03b4\u03b5\u03c5\u03c3\u03b7\u00a0<\/em><em>\u03c3\u03c4\u03b7\u03bd\u00a0<\/em><em>\u0395\u03bb\u03bb\u03ac\u03b4\u03b1\u00a0<\/em><em>\u03ba\u03b1\u03b9\u00a0<\/em><em>\u0399\u03c3\u03c0\u03b1\u03bd\u03af\u03b1\u00a0<\/em><em>\u03c3\u03b5\u00a0<\/em><em>\u0394\u03b7\u03bc\u03bf\u03ba\u03c1\u03b1\u03c4\u03b9\u03ba\u03ac\u00a0<\/em><em>\u03ba\u03b1\u03b9\u00a0<\/em><em>\u0391\u03c5\u03c4\u03b1\u03c1\u03c7\u03b9\u03ba\u03ac\u00a0<\/em><em>\u039a\u03b1\u03b8\u03b5\u03c3\u03c4\u03ce\u03c4\u03b1<\/em><em>: Misiones Pedag\u00f3gicas, <\/em><em>\u0394\u03b9\u03ba\u03c4\u03b1\u03c4\u03bf\u03c1\u03af\u03b1\u00a0<\/em><em>\u03c4\u03bf\u03c5\u00a0<\/em><em>\u03a6\u03c1\u03ac\u03bd\u03ba\u03bf\u00a0<\/em><em>\u03ba\u03b1\u03b9\u00a0<\/em><em>\u03c4\u03bf\u03c5\u00a0<\/em><em>\u039c\u03b5\u03c4\u03b1\u03be\u03ac\u00a0<\/em><em>\u03ba\u03b1\u03b9\u00a0<\/em><em>\u03b7\u00a0<\/em><em>\u039a\u03b1\u03c4\u03bf\u03c7\u03ae\u00a0<\/em><em>\u03c3\u03c4\u03b7\u03bd\u00a0<\/em><em>\u0395\u03bb\u03bb\u03ac\u03b4\u03b1<\/em><em>\/La Ense\u00f1anza en Grecia y en Espa\u00f1a en reg\u00edmenes democr\u00e1ticos y autoritarios: La II Rep\u00fablica y las Misiones Pedag\u00f3gicas, la dictadura de Franco y de Metax\u00e1s y la Grecia ocupada,\u00a0<\/em>19-20 \u039c\u03b1\u0390\u03bf\u03c5 2008- \u03a0\u03ac\u03bd\u03c4\u03b5\u03b9\u03bf \u03a0\u03b1\u03bd\u03b5\u03c0\u03b9\u03c3\u03c4\u03ae\u03bc\u03b9\u03bf-\u0399\u03bd\u03c3\u03c4\u03b9\u03c4\u03bf\u03cd\u03c4\u03bf \u0398\u03b5\u03c1\u03b2\u03ac\u03bd\u03c4\u03b5\u03c2-\u039a\u03ad\u03bd\u03c4\u03c1\u03bf \u0395\u03c1\u03b5\u03cd\u03bd\u03b7\u03c2 \u039d\u03b5\u03cc\u03c4\u03b5\u03c1\u03b7\u03c2 \u0399\u03c3\u03c4\u03bf\u03c1\u03af\u03b1\u03c2. (\u0391\u03c1\u03c7\u03b9\u03ba\u03cc\u03c2 \u03c4\u03af\u03c4\u03bb\u03bf\u03c2 \u03b5\u03b9\u03c3\u03ae\u03b3\u03b7\u03c3\u03b7\u03c2: <a href=\"http:\/\/www.dfilippis.gr\/wp-content\/uploads\/2018\/08\/\u03c6\u03bf\u03c4\u03bf.jpg\"><img decoding=\"async\" loading=\"lazy\" class=\"size-thumbnail wp-image-597 alignleft\" src=\"http:\/\/www.dfilippis.gr\/wp-content\/uploads\/2018\/08\/\u03c6\u03bf\u03c4\u03bf-150x150.jpg\" alt=\"\" width=\"150\" height=\"150\" \/><\/a>\u00ab\u0399\u03c4\u03b1\u03bb\u03bf\u03c6\u03b1\u03c3\u03b9\u03c3\u03c4\u03b9\u03ba\u03ae \u03c0\u03b1\u03b9\u03b4\u03b5\u03af\u03b1\u00a0 \u03c3\u03c4\u03b7\u03bd \u0395\u03bb\u03bb\u03ac\u03b4\u03b1 \u03c4\u03bf\u03c5 \u039c\u03b5\u03c3\u03bf\u03c0\u03bf\u03bb\u03ad\u03bc\u03bf\u03c5 \u03ba\u03b1\u03b9 \u03bf\u03b9 \u0399\u03c3\u03c0\u03b1\u03bd\u03bf\u03b5\u03b2\u03c1\u03b1\u03af\u03bf\u03b9 \u03c4\u03b7\u03c2 \u0398\u03b5\u03c3\u03c3\u03b1\u03bb\u03bf\u03bd\u03af\u03ba\u03b7\u03c2\u00bb).<\/p>\n<p>\u2192 \u00abGrecia, Mediterr\u00e1neo y Am\u00e9rica Latina en la Guerra Civil Espa\u00f1ola 1936-39\/ \u0395\u03bb\u03bb\u03ac\u03b4\u03b1, \u039c\u03b5\u03c3\u03cc\u03b3\u03b5\u03b9\u03bf\u03c2 \u03ba\u03b1\u03b9 \u039b\u03b1\u03c4\u03b9\u03bd\u03b9\u03ba\u03ae \u0391\u03bc\u03b5\u03c1\u03b9\u03ba\u03ae \u03ba\u03b1\u03c4\u03ac \u03c4\u03bf\u03bd \u0399\u03c3\u03c0\u03b1\u03bd\u03b9\u03ba\u03cc \u0395\u03bc\u03c6\u03cd\u03bb\u03b9\u03bf \u03a0\u03cc\u03bb\u03b5\u03bc\u03bf (1936-39)\u00bb, \u0399\u0394\u0384 \u03a3\u03c5\u03bd\u03ad\u03b4\u03c1\u03b9\u03bf \u03c4\u03b7\u03c2 FIEALC (Federaci\u00f3n Internacional de Estudios sobre Am\u00e9rica Latina y el Caribe\/\u0394\u03b9\u03b5\u03b8\u03bd\u03ae\u03c2 \u03a3\u03c5\u03bd\u03bf\u03bc\u03bf\u03c3\u03c0\u03bf\u03bd\u03b4\u03af\u03b1 \u039b\u03b1\u03c4\u03b9\u03bd\u03bf\u03b1\u03bc\u03b5\u03c1\u03b9\u03ba\u03ac\u03bd\u03b9\u03ba\u03c9\u03bd \u03ba\u03b1\u03b9 \u039a\u03b1\u03c1\u03b1\u03ca\u03b2\u03b9\u03ba\u03ce\u03bd \u03a3\u03c0\u03bf\u03c5\u03b4\u03ce\u03bd) \u03ba\u03b1\u03b9 \u0395\u03b8\u03bd\u03b9\u03ba\u03cc \u039a\u03b1\u03c0\u03bf\u03b4\u03b9\u03c3\u03c4\u03c1\u03b9\u03b1\u03ba\u03cc \u03a0\u03b1\u03bd\u03b5\u03c0\u03b9\u03c3\u03c4\u03ae\u03bc\u03b9\u03bf \u0391\u03b8\u03b7\u03bd\u03ce\u03bd (14-16\/10\/2009).<\/p>\n<p>\u2192 Excitador Hispaniae\/Libertador: \u201cBol\u00edvar unamunesco\u201d: Un discurso\u00a0 sobre la civilizaci\u00f3n espa\u00f1ola. \u03a3\u03c5\u03bc\u03c0\u03cc\u03c3\u03b9\u03bf \u03b3\u03b9\u03b1 \u03c4\u03bf\u03bd \u039c\u03c0\u03bf\u03bb\u03af\u03b2\u03b1\u03c1 \u03ba\u03b1\u03b9 \u03c4\u03bf\u03bd \u039c\u03b9\u03c1\u03ac\u03bd\u03c4\u03b1. \u0395\u039a\u03a0\u0391, \u039c\u03ac\u03c1\u03c4\u03b9\u03bf\u03c2 2011.<\/p>\n<p>\u2192 \u00ab Espa\u00f1a eterna: Historia y Civilizaci\u00f3n \u2013Un retrato de la prensa griega (1936-39)\u00bb, \u03a7\u0399\u0399 Congreso Internacional de Literatura Espa\u00f1ola,\u00a0 \u03a0\u03b1\u03bd. \u0391\u03b8\u03b7\u03bd\u03ce\u03bd \u03ba\u03b1\u03b9 \u00a0A Coru\u00f1a, \u0399\u03bf\u03cd\u03bd\u03b9\u03bf\u03c2 2001.<\/p>\n<p>\u2192 \u00abMaria Tsokou-Dimitris Filippis, &#8220;La americanidad espa\u00f1ola versus la espa\u00f1olidad hispanoamericana&#8221;\u00bb, \u03a7V Congreso de la FIEALC (Federaci\u00f3n Internacional sobre Am\u00e9rica Latina y el Caribe), \u0399\u03bf\u03cd\u03bd\u03b9\u03bf\u03c2 2011, \u0392\u03b1\u03bb\u03ad\u03bd\u03b8\u03b9\u03b1.<\/p>\n<p>\u2192 \u201cLa guerra civil entre prefascismo y fascismo: los piratas de Metax\u00e1s y los corsarios de Musolini y Franco\u201d,\u00a0 \u00a0Ideas en armas: Fascismo, guerra civil y dictadura en Europa del sur. \u0394\u03b9\u03b5\u03b8\u03bd\u03ad\u03c2 \u03c3\u03c5\u03bd\u03ad\u03b4\u03c1\u03b9\u03bf, \u03a3\u03b1\u03c1\u03b1\u03b3\u03cc\u03c3\u03b1, \u0399\u03bf\u03cd\u03bd\u03b9\u03bf\u03c2 2012.<\/p>\n<p>\u2192\u00ab\u039f\u03b9 \u03c0\u03b5\u03b9\u03c1\u03b1\u03c4\u03ad\u03c2 \u03c4\u03b7\u03c2 \u03b4\u03b7\u03bc\u03bf\u03ba\u03c1\u03b1\u03c4\u03af\u03b1\u03c2-\u03bf\u03b9 \u03ba\u03bf\u03c5\u03c1\u03c3\u03ac\u03c1\u03bf\u03b9 \u03c4\u03bf\u03c5 \u03c6\u03b1\u03c3\u03b9\u03c3\u03bc\u03bf\u03cd. \u03a3\u03c4\u03b9\u03b3\u03bc\u03b9\u03cc\u03c4\u03c5\u03c0\u03b1 \u03b9\u03c3\u03c0\u03b1\u03bd\u03b9\u03ba\u03bf\u03cd \u03b5\u03bc\u03c6\u03c5\u03bb\u03af\u03bf\u03c5 \u03c3\u03c4\u03b7 \u039c\u03b5\u03c3\u03cc\u03b3\u03b5\u03b9\u03bf\u00bb. <em>\u0399\u03c3\u03c0\u03b1\u03bd\u03b9\u03ba\u03cc\u03c2 \u0395\u03bc\u03c6\u03cd\u03bb\u03b9\u03bf\u03c2: \u039a\u03cd\u03c0\u03c1\u03bf\u03c2-\u0395\u03bb\u03bb\u03ac\u03b4\u03b1-\u0395\u03c5\u03c1\u03ce\u03c0\u03b7<\/em>. \u0395\u03c0\u03b9\u03c3\u03c4\u03b7\u03bc\u03bf\u03bd\u03b9\u03ba\u03cc \u03c3\u03c5\u03bd\u03ad\u03b4\u03c1\u03b9\u03bf-\u03a0\u03b1\u03bd\u03b5\u03c0\u03b9\u03c3\u03c4\u03ae\u03bc\u03b9\u03bf \u039a\u03cd\u03c0\u03c1\u03bf\u03c5\/\u039b\u03b5\u03c5\u03ba\u03c9\u03c3\u03af\u03b1, \u039c\u03ac\u03b9\u03bf\u03c2 2015.<\/p>\n<p><em>\u2192<\/em> &#8220;\u03a4\u03bf \u03bc\u03c0\u03b1\u03c1\u03cc\u03ba \u03b1\u03bd\u03c4\u03b9\u03bb\u03b5\u03be\u03b9\u03ba\u03cc \u03c4\u03b7\u03c2 \u0399\u03c3\u03c0\u03b1\u03bd\u03bf\u03c3\u03cd\u03bd\u03b7\u03c2-\u03b9\u03c0\u03c0\u03bf\u03c3\u03cd\u03bd\u03b7, \u03b5\u03c0\u03b9\u03c3\u03c4\u03b7\u03bc\u03bf\u03c3\u03cd\u03bd\u03b7, \u03bb\u03bf\u03b3\u03b9\u03bf\u03c3\u03cd\u03bd\u03b7 \u03c3\u03c4\u03bf\u03bd \u0394\u03bf\u03bd \u039a\u03b9\u03c7\u03ce\u03c4\u03b7&#8221;: 2<sup>nd<\/sup><em> International Workshop of Science and Literature- \u201cBeyond Nature in Science and Literature\u201d<\/em>\u00a0-\u0395\u03bb\u03bb\u03b7\u03bd\u03b9\u03ba\u03cc \u0391\u03bd\u03bf\u03b9\u03ba\u03c4\u03cc \u03a0\u03b1\u03bd\u03b5\u03c0\u03b9\u03c3\u03c4\u03ae\u03bc\u03b9\u03bf-\u03a3\u03b5\u03bc\u03b9\u03bd\u03ac\u03c1\u03b9\u03b1 \u03c4\u03b7\u03c2 \u03a3\u03cd\u03c1\u03bf\u03c5, 5-7 \u0399\u03bf\u03c5\u03bb\u03af\u03bf\u03c5 2017.<\/p>\n<p>\u2192 &#8220;\u0397 \u0399\u03c3\u03c0\u03b1\u03bd\u03af\u03b1 \u03c3\u03c4\u03bf\u03c5\u03c2 \u03c0\u03c1\u03ce\u03b9\u03bc\u03bf\u03c5\u03c2 \u03bd\u03ad\u03bf\u03c5\u03c2 \u03c7\u03c1\u03cc\u03bd\u03bf\u03c5\u03c2 15\u03bf\u03c2-17\u03bf\u03c2 \u03b1\u03b9.&#8221;: \u0395\u03bb\u03bb\u03b7\u03bd\u03b9\u03ba\u03cc \u0391\u03bd\u03bf\u03b9\u03ba\u03c4\u03cc \u03a0\u03b1\u03bd\u03b5\u03c0\u03b9\u03c3\u03c4\u03ae\u03bc\u03b9\u03bf-\u03a3\u03c7\u03bf\u03bb\u03ae \u0391\u03bd\u03b8\u03c1\u03c9\u03c0\u03b9\u03c3\u03c4\u03b9\u03ba\u03ce\u03bd \u03a3\u03c0\u03bf\u03c5\u03b4\u03ce\u03bd. \u0391\u03c6\u03b9\u03ad\u03c1\u03c9\u03bc\u03b1 \u03c3\u03c4\u03b1 20 \u03c7\u03c1\u03cc\u03bd\u03b9\u03b1 \u03c4\u03bf\u03c5 \u0395\u0391\u03a0&#8221;, 23-26 \u039d\u03bf\u03b5\u03bc\u03b2\u03c1\u03af\u03bf\u03c5 2017.<\/p>\n<p>\u2192 &#8220;Bolivar, eres hermoso como un griego&#8230;en tu labirinto&#8221;, IV Congreso Internacional sobre Iberoam\u00e9rica, \u0395\u039a\u03a0\u0391, \u0391\u03b8\u03ae\u03bd\u03b1, 28-30 \u039c\u03b1\u03ca\u03bf\u03c5 2018 (\u03bc\u03b5 \u03c3\u03c5\u03bc\u03bc\u03b5\u03c4\u03bf\u03c7\u03ae \u03c3\u03c4\u03b7\u03bd \u03b5\u03c0\u03b9\u03c3\u03c4\u03b7\u03bc\u03bf\u03bd\u03b9\u03ba\u03ae \u03b5\u03c0\u03b9\u03c4\u03c1\u03bf\u03c0\u03ae \u03b4\u03b9\u03bf\u03c1\u03b3\u03ac\u03bd\u03c9\u03c3\u03b7\u03c2).<\/p>\n<p><em>\u2192<\/em> <a href=\"http:\/\/www.dfilippis.gr\/wp-content\/uploads\/2018\/12\/\u0397\u039c\u0395\u03a1\u0399\u0394\u0391-\u0399\u03a3\u03a0-\u03c4\u03b5\u03bb\u03b9\u03ba\u03bf-II.pdf\">\u00ab&#8221;\u0399\u03c3\u03c0\u03b1\u03bd\u03cc\u03c6\u03c9\u03bd\u03bf\u03c2 \u03ba\u03cc\u03c3\u03bc\u03bf\u03c2 \u03ba\u03b1\u03b9 \u03c0\u03bf\u03bb\u03b9\u03c4\u03b9\u03c3\u03bc\u03cc\u03c2: \u03b1\u03bd\u03b1\u03b3\u03bd\u03ce\u03c3\u03b5\u03b9\u03c2, \u03c0\u03c1\u03bf\u03c3\u03bb\u03ae\u03c8\u03b5\u03b9\u03c2 \u03ba\u03b1\u03b9 \u03c0\u03c1\u03bf\u03c4\u03ac\u03c3\u03b5\u03b9\u03c2 \u03ad\u03c1\u03b5\u03c5\u03bd\u03b1\u03c2 \u2026\u03bc\u03b5 \u03ad\u03bd\u03b1 \u00a0\u03c4\u03ac\u03bd\u03b3\u03ba\u03bf&#8221;:\u0397\u03bc\u03b5\u03c1\u03af\u03b4\u03b1,\u00a0 \u00a0 \u00a0\u0392\u03b9\u03b2\u03bb\u03b9\u03bf\u03b8\u03ae\u03ba\u03b7 \u0395\u0391\u03a0, \u0393\u03c1\u03b1\u03b2\u03b9\u03ac\u03c2 4-6, \u0391\u03b8\u03ae\u03bd\u03b1.\u03a0\u03b1\u03c1\u03b1\u03c3\u03ba\u03b5\u03c5\u03ae 30-11-2018.<\/a><\/p>\n<p><em>\u2192 &#8220;Guerra Civil espa\u00f1ola: consecuencias para Grecia y la visi\u00f3n historiogr\u00e1fica de E. Malefakis, &#8221; <a href=\"http:\/\/www.dfilippis.gr\/wp-content\/uploads\/2019\/05\/Congreso-guerra-civil.pdf\">Congreso Internacional: 80 a\u00f1os de la Guerra Civil espa\u00f1ola-Homenaje a E. Malefakis. Atenas 4-6 de abril 2019.<\/a><\/em><\/p>\n<p><em>\u2192&#8221;La novela griega traducida al espa\u00f1ol entre el final del franquismo y la primera transici\u00f3n,\u00a0 <a href=\"http:\/\/www.dfilippis.gr\/wp-content\/uploads\/2019\/05\/Tri\u0301ptico-Novela-Barbastro.pdf\">Congreso Internacional: 50 a\u00f1os de novela espa\u00f1ola. Barbastro 2-4 de mayo 2019<\/a><\/em><\/p>\n","protected":false},"excerpt":{"rendered":"<p>[\u039c\u03b5 \u03b4\u03b7\u03bc\u03bf\u03c3\u03b9\u03b5\u03c5\u03bc\u03ad\u03bd\u03b1 \u03c0\u03c1\u03b1\u03ba\u03c4\u03b9\u03ba\u03ac, \u03b2\u03bb. \u039c\u03b5\u03bb\u03ad\u03c4\u03b5\u03c2, \u03ae \u03c5\u03c0\u03cc \u03ad\u03ba\u03b4\u03bf\u03c3\u03b7] \u2192 \u00ab\u0397 \u0399\u03c3\u03c0\u03b1\u03bd\u03b9\u03ba\u03ae \u0393\u03bb\u03ce\u03c3\u03c3\u03b1 \u03ba\u03b1\u03b9 \u039b\u03bf\u03b3\u03bf\u03c4\u03b5\u03c7\u03bd\u03af\u03b1 \u03c4\u03c9\u03bd \u0395\u03b2\u03c1\u03b1\u03af\u03c9\u03bd \u03c4\u03b7\u03c2 \u0398\u03b5\u03c3\u03c3\u03b1\u03bb\u03bf\u03bd\u03af\u03ba\u03b7\u03c2\u00bb, \u03b5\u03b9\u03c3\u03ae\u03b3\u03b7\u03c3\u03b7\u00a0 (\u03b5\u03bb\u03bb\u03b7\u03bd\u03b9\u03ba\u03ac-\u03b1\u03b3\u03b3\u03bb\u03b9\u03ba\u03ac) \u03b4\u03b9\u03b5\u03b8\u03bd\u03ad\u03c2 \u03b5\u03c0\u03b9\u03c3\u03c4\u03b7\u03bc\u03bf\u03bd\u03b9\u03ba\u03cc \u03c3\u03c5\u03bd\u03ad\u03b4\u03c1\u03b9\u03bf \u039f\u03b9 \u0395\u03b2\u03c1\u03b1\u03ca\u03ba\u03ad\u03c2 \u039a\u03bf\u03b9\u03bd\u03cc\u03c4\u03b7\u03c4\u03b5\u03c2 \u03c4\u03b7\u03c2 \u039d\u03bf\u03c4\u03b9\u03bf\u03b1\u03bd\u03b1\u03c4\u03bf\u03bb\u03b9\u03ba\u03ae\u03c2 \u0395\u03c5\u03c1\u03ce\u03c0\u03b7\u03c2,\u00a0 \u038a\u03b4\u03c1\u03c5\u03bc\u03b1 \u039c\u03b5\u03bb\u03b5\u03c4\u03ce\u03bd \u03a7\u03b5\u03c1\u03c3\u03bf\u03bd\u03ae\u03c3\u03bf\u03c5 \u03c4\u03bf\u03c5 \u0391\u03af\u03bc\u03bf\u03c5 \u03ba\u03b1\u03b9 \u0391.\u03a0.\u0398, \u039d\u03bf\u03ad\u03bc\u03b2\u03c1\u03b9\u03bf\u03c2 1992- \u0398\u03b5\u03c3\u03c3\u03b1\u03bb\u03bf\u03bd\u03af\u03ba\u03b7. \u2192 \u00abGrecia frente a la guerra civil espa\u00f1ola-\u0397 \u0395\u03bb\u03bb\u03ac\u03b4\u03b1 \u03bc\u03c0\u03c1\u03bf\u03c3\u03c4\u03ac \u03c3\u03c4\u03bf\u03bd&#8230;<\/p>\n<p> <a class=\"continue-reading-link\" href=\"https:\/\/www.dfilippis.gr\/en\/other\/conferences\/\"><span>Continue reading<\/span><i class=\"crycon-right-dir\"><\/i><\/a> <\/p>\n","protected":false},"author":1,"featured_media":0,"parent":467,"menu_order":0,"comment_status":"open","ping_status":"open","template":"","meta":{"footnotes":""},"_links":{"self":[{"href":"https:\/\/www.dfilippis.gr\/en\/wp-json\/wp\/v2\/pages\/57"}],"collection":[{"href":"https:\/\/www.dfilippis.gr\/en\/wp-json\/wp\/v2\/pages"}],"about":[{"href":"https:\/\/www.dfilippis.gr\/en\/wp-json\/wp\/v2\/types\/page"}],"author":[{"embeddable":true,"href":"https:\/\/www.dfilippis.gr\/en\/wp-json\/wp\/v2\/users\/1"}],"replies":[{"embeddable":true,"href":"https:\/\/www.dfilippis.gr\/en\/wp-json\/wp\/v2\/comments?post=57"}],"version-history":[{"count":12,"href":"https:\/\/www.dfilippis.gr\/en\/wp-json\/wp\/v2\/pages\/57\/revisions"}],"predecessor-version":[{"id":948,"href":"https:\/\/www.dfilippis.gr\/en\/wp-json\/wp\/v2\/pages\/57\/revisions\/948"}],"up":[{"embeddable":true,"href":"https:\/\/www.dfilippis.gr\/en\/wp-json\/wp\/v2\/pages\/467"}],"wp:attachment":[{"href":"https:\/\/www.dfilippis.gr\/en\/wp-json\/wp\/v2\/media?parent=57"}],"curies":[{"name":"wp","href":"https:\/\/api.w.org\/{rel}","templated":true}]}}