{"id":6,"date":"2015-06-16T11:23:32","date_gmt":"2015-06-16T11:23:32","guid":{"rendered":"http:\/\/www.dfilippis.gr\/?page_id=6"},"modified":"2024-07-14T21:11:54","modified_gmt":"2024-07-14T18:11:54","slug":"en-ttl","status":"publish","type":"page","link":"https:\/\/www.dfilippis.gr\/en\/en-ttl\/","title":{"rendered":"Home Page"},"content":{"rendered":"<p><\/p>\n<h4>K\u03b1\u03bb\u03ce\u03c2 \u03ae\u03bb\u03b8\u03b1\u03c4\u03b5 &#8211; Bienvenido &#8211; Benvenuto &#8211; Welcome<\/h4>\n<table border=\"1\" width=\"450\" align=\"center\">\n<tbody>\n<tr>\n<td><a href=\"http:\/\/www.dfilippis.gr\/wp-content\/uploads\/2015\/06\/dim.jpg\"><img decoding=\"async\" loading=\"lazy\" class=\"alignnone size-full wp-image-106\" src=\"http:\/\/www.dfilippis.gr\/wp-content\/uploads\/2015\/06\/dim.jpg\" alt=\"dim\" width=\"150\" height=\"203\" \/><\/a><\/td>\n<\/tr>\n<\/tbody>\n<\/table>\n<h5>\u00a0<strong>\u0391\u03bd\u03b1\u03c0\u03bb\u03b7\u03c1\u03c9\u03c4\u03ae\u03c2 \u03ba\u03b1\u03b8\u03b7\u03b3\u03b7\u03c4\u03ae\u03c2-Associate Professor<\/strong><\/h5>\n<h5>\u00a0\u0394\u03b9\u03b4\u03ac\u03c3\u03ba\u03b5\u03b9 \u03c3\u03c4\u03bf \u03a4\u03bc\u03ae\u03bc\u03b1 \u0399\u03c3\u03c0\u03b1\u03bd\u03b9\u03ba\u03ae\u03c2 \u0393\u03bb\u03ce\u03c3\u03c3\u03b1\u03c2 \u03ba\u03b1\u03b9 \u03a0\u03bf\u03bb\u03b9\u03c4\u03b9\u03c3\u03bc\u03bf\u03cd \u03c3\u03c4\u03bf \u0395\u03bb\u03bb\u03b7\u03bd\u03b9\u03ba\u03cc \u0391\u03bd\u03bf\u03b9\u03ba\u03c4\u03cc \u03a0\u03b1\u03bd\u03b5\u03c0\u03b9\u03c3\u03c4\u03ae\u03bc\u03b9\u03bf -\u0395\u0391\u03a0.<\/h5>\n<p><span class=\"style1\">-\u2026\u039c\u03b5 \u03c0\u03b5\u03c1\u03b9\u03bf\u03b4\u03b9\u03ba\u03ae \u03b1\u03ba\u03b1\u03b4\u03b7\u03bc\u03b1\u03ca\u03ba\u03ae \u03b4\u03c1\u03b1\u03c3\u03c4\u03b7\u03c1\u03b9\u03cc\u03c4\u03b7\u03c4\u03b1 (\u03b4\u03b9\u03b4\u03b1\u03ba\u03c4\u03b9\u03ba\u03ae &amp; \u03b5\u03c1\u03b5\u03c5\u03bd\u03b7\u03c4\u03b9\u03ba\u03ae): \u0395\u039a\u03a0\u0391, \u03a0\u03ac\u03bd\u03c4\u03b5\u03b9\u03bf \u03a0\u03b1\u03bd\u03b5\u03c0\u03b9\u03c3\u03c4\u03ae\u03bc\u03b9\u03bf, \u0391\u03a0\u0398, \u0399\u03bd\u03c3\u03c4\u03b9\u03c4\u03bf\u03cd\u03c4\u03bf \u0398\u03b5\u03b2\u03ac\u03bd\u03c4\u03b5\u03c2, \u03a0\u03b1\u03bd\u03b5\u03c0\u03b9\u03c3\u03c4\u03ae\u03bc\u03b9\u03bf \u03c4\u03b7\u03c2 \u03a3\u03b1\u03c1\u03b1\u03b3\u03cc\u03c3\u03b1\u2026<\/span><\/p>\n<h5>\u00a0Ense\u00f1a en el Departamento de Lengua y Civilizaci\u00f3n Espa\u00f1ola en la Universidad Abierta de Grecia (EAP)<\/h5>\n<p>-\u2026Con actividad acad\u00e9mica transitoria (docente \u00a0e investigador): Universidad Nacional y \u00a0Kapodistriaca de Atenas, Universidad \u00a0Pantion de Atenas, Universidad Arist\u00f3teles de Sal\u00f3nica, Universidad de Zaragoza, Instituto Cervantes de Atenas\u2026<\/p>\n<h5>\u00a0Professore Associato-Insegna presso il Dipartimento di Lingua e Civilt\u00e0 Spagnola all\u00b4 Universit\u00e0 Greca Aperta di Patrasso (EAP)<\/h5>\n<p>-\u2026 Con attivit\u00e0 academica temporanea (insegnante-ricercatore): Universit\u00e0 Nazionale Capodistriaca di Atene, Universit\u00e0 Pantion di Atene, Universit\u00e0 Aristotele di Salonicco, Universit\u00e0 di Zaragoza, Istituto Cervantes di Atene\u2026<\/p>\n<h5>\u00a0Teaches at the Department of Language and Spanish Civilization of the Open University of Greece (EAP)<\/h5>\n<p>&#8211;\u00a0&#8230; With temporary activities of academic (teacher-researcher): Capodistriaca National University of Athens, University Pantion of Athens, Aristotle University of Thessaloniki, University of Zaragoza, Cervantes Institute in Athens &#8230;<\/p>\n<table border=\"0\" width=\"220\" align=\"center\">\n<tbody>\n<tr>\n<td><\/td>\n<\/tr>\n<\/tbody>\n<\/table>\n<h1><\/h1>\n<p><\/p>","protected":false},"excerpt":{"rendered":"<p>K\u03b1\u03bb\u03ce\u03c2 \u03ae\u03bb\u03b8\u03b1\u03c4\u03b5 &#8211; Bienvenido &#8211; Benvenuto &#8211; Welcome \u00a0\u0391\u03bd\u03b1\u03c0\u03bb\u03b7\u03c1\u03c9\u03c4\u03ae\u03c2 \u03ba\u03b1\u03b8\u03b7\u03b3\u03b7\u03c4\u03ae\u03c2-Associate Professor \u00a0\u0394\u03b9\u03b4\u03ac\u03c3\u03ba\u03b5\u03b9 \u03c3\u03c4\u03bf \u03a4\u03bc\u03ae\u03bc\u03b1 \u0399\u03c3\u03c0\u03b1\u03bd\u03b9\u03ba\u03ae\u03c2 \u0393\u03bb\u03ce\u03c3\u03c3\u03b1\u03c2 \u03ba\u03b1\u03b9 \u03a0\u03bf\u03bb\u03b9\u03c4\u03b9\u03c3\u03bc\u03bf\u03cd \u03c3\u03c4\u03bf \u0395\u03bb\u03bb\u03b7\u03bd\u03b9\u03ba\u03cc \u0391\u03bd\u03bf\u03b9\u03ba\u03c4\u03cc \u03a0\u03b1\u03bd\u03b5\u03c0\u03b9\u03c3\u03c4\u03ae\u03bc\u03b9\u03bf -\u0395\u0391\u03a0. -\u2026\u039c\u03b5 \u03c0\u03b5\u03c1\u03b9\u03bf\u03b4\u03b9\u03ba\u03ae \u03b1\u03ba\u03b1\u03b4\u03b7\u03bc\u03b1\u03ca\u03ba\u03ae \u03b4\u03c1\u03b1\u03c3\u03c4\u03b7\u03c1\u03b9\u03cc\u03c4\u03b7\u03c4\u03b1 (\u03b4\u03b9\u03b4\u03b1\u03ba\u03c4\u03b9\u03ba\u03ae &amp; \u03b5\u03c1\u03b5\u03c5\u03bd\u03b7\u03c4\u03b9\u03ba\u03ae): \u0395\u039a\u03a0\u0391, \u03a0\u03ac\u03bd\u03c4\u03b5\u03b9\u03bf \u03a0\u03b1\u03bd\u03b5\u03c0\u03b9\u03c3\u03c4\u03ae\u03bc\u03b9\u03bf, \u0391\u03a0\u0398, \u0399\u03bd\u03c3\u03c4\u03b9\u03c4\u03bf\u03cd\u03c4\u03bf \u0398\u03b5\u03b2\u03ac\u03bd\u03c4\u03b5\u03c2, \u03a0\u03b1\u03bd\u03b5\u03c0\u03b9\u03c3\u03c4\u03ae\u03bc\u03b9\u03bf \u03c4\u03b7\u03c2 \u03a3\u03b1\u03c1\u03b1\u03b3\u03cc\u03c3\u03b1\u2026 \u00a0Ense\u00f1a en el Departamento de Lengua y Civilizaci\u00f3n Espa\u00f1ola en la&#8230;<\/p>\n<p> <a class=\"continue-reading-link\" href=\"https:\/\/www.dfilippis.gr\/en\/en-ttl\/\"><span>Continue reading<\/span><i class=\"crycon-right-dir\"><\/i><\/a> <\/p>\n","protected":false},"author":1,"featured_media":0,"parent":0,"menu_order":0,"comment_status":"closed","ping_status":"open","template":"","meta":{"footnotes":""},"_links":{"self":[{"href":"https:\/\/www.dfilippis.gr\/en\/wp-json\/wp\/v2\/pages\/6"}],"collection":[{"href":"https:\/\/www.dfilippis.gr\/en\/wp-json\/wp\/v2\/pages"}],"about":[{"href":"https:\/\/www.dfilippis.gr\/en\/wp-json\/wp\/v2\/types\/page"}],"author":[{"embeddable":true,"href":"https:\/\/www.dfilippis.gr\/en\/wp-json\/wp\/v2\/users\/1"}],"replies":[{"embeddable":true,"href":"https:\/\/www.dfilippis.gr\/en\/wp-json\/wp\/v2\/comments?post=6"}],"version-history":[{"count":38,"href":"https:\/\/www.dfilippis.gr\/en\/wp-json\/wp\/v2\/pages\/6\/revisions"}],"predecessor-version":[{"id":1039,"href":"https:\/\/www.dfilippis.gr\/en\/wp-json\/wp\/v2\/pages\/6\/revisions\/1039"}],"wp:attachment":[{"href":"https:\/\/www.dfilippis.gr\/en\/wp-json\/wp\/v2\/media?parent=6"}],"curies":[{"name":"wp","href":"https:\/\/api.w.org\/{rel}","templated":true}]}}